{"id":2366,"date":"2023-06-19T01:48:24","date_gmt":"2023-06-19T04:48:24","guid":{"rendered":"https:\/\/epicoagencia.com.br\/?page_id=2366"},"modified":"2023-06-27T21:54:46","modified_gmt":"2023-06-28T00:54:46","slug":"social-media","status":"publish","type":"page","link":"https:\/\/epicoagencia.com.br\/index.php\/social-media\/","title":{"rendered":"Social Media"},"content":{"rendered":"\t\t<div data-elementor-type=\"wp-page\" data-elementor-id=\"2366\" class=\"elementor elementor-2366\">\n\t\t\t\t\t\t\t\t\t<section class=\"elementor-section elementor-top-section elementor-element elementor-element-3f3869e elementor-section-height-min-height elementor-section-boxed elementor-section-height-default elementor-section-items-middle\" data-id=\"3f3869e\" data-element_type=\"section\" data-settings=\"{&quot;background_background&quot;:&quot;classic&quot;}\">\n\t\t\t\t\t\t\t<div class=\"elementor-background-overlay\"><\/div>\n\t\t\t\t\t\t\t<div class=\"elementor-container elementor-column-gap-default\">\n\t\t\t\t\t<div class=\"elementor-column elementor-col-50 elementor-top-column elementor-element elementor-element-d5b958c\" data-id=\"d5b958c\" data-element_type=\"column\">\n\t\t\t<div class=\"elementor-widget-wrap elementor-element-populated\">\n\t\t\t\t\t\t\t\t<div class=\"elementor-element elementor-element-695e55f elementor-widget elementor-widget-heading\" data-id=\"695e55f\" data-element_type=\"widget\" data-widget_type=\"heading.default\">\n\t\t\t\t<div class=\"elementor-widget-container\">\n\t\t\t<style>\/*! elementor - v3.14.0 - 26-06-2023 *\/\n.elementor-heading-title{padding:0;margin:0;line-height:1}.elementor-widget-heading .elementor-heading-title[class*=elementor-size-]>a{color:inherit;font-size:inherit;line-height:inherit}.elementor-widget-heading .elementor-heading-title.elementor-size-small{font-size:15px}.elementor-widget-heading .elementor-heading-title.elementor-size-medium{font-size:19px}.elementor-widget-heading .elementor-heading-title.elementor-size-large{font-size:29px}.elementor-widget-heading .elementor-heading-title.elementor-size-xl{font-size:39px}.elementor-widget-heading .elementor-heading-title.elementor-size-xxl{font-size:59px}<\/style><h2 class=\"elementor-heading-title elementor-size-default\">Gest\u00e3o & <br>estrat\u00e9gia<br> digital<\/h2>\t\t<\/div>\n\t\t\t\t<\/div>\n\t\t\t\t<div class=\"elementor-element elementor-element-ca21ede elementor-mobile-align-center elementor-widget elementor-widget-button\" data-id=\"ca21ede\" data-element_type=\"widget\" data-widget_type=\"button.default\">\n\t\t\t\t<div class=\"elementor-widget-container\">\n\t\t\t\t\t<div class=\"elementor-button-wrapper\">\n\t\t\t<a class=\"elementor-button elementor-button-link elementor-size-md\" href=\"#\">\n\t\t\t\t\t\t<span class=\"elementor-button-content-wrapper\">\n\t\t\t\t\t\t<span class=\"elementor-button-text\">SOCIAL MEDIA<\/span>\n\t\t<\/span>\n\t\t\t\t\t<\/a>\n\t\t<\/div>\n\t\t\t\t<\/div>\n\t\t\t\t<\/div>\n\t\t\t\t\t<\/div>\n\t\t<\/div>\n\t\t\t\t<div class=\"elementor-column elementor-col-50 elementor-top-column elementor-element elementor-element-9e39930\" data-id=\"9e39930\" data-element_type=\"column\">\n\t\t\t<div class=\"elementor-widget-wrap\">\n\t\t\t\t\t\t\t\t\t<\/div>\n\t\t<\/div>\n\t\t\t\t\t\t\t<\/div>\n\t\t<\/section>\n\t\t\t\t<section class=\"elementor-section elementor-top-section elementor-element elementor-element-75f8eb3 elementor-section-full_width elementor-section-height-min-height elementor-section-height-default elementor-section-items-middle\" data-id=\"75f8eb3\" data-element_type=\"section\" data-settings=\"{&quot;background_background&quot;:&quot;classic&quot;}\">\n\t\t\t\t\t\t<div class=\"elementor-container elementor-column-gap-no\">\n\t\t\t\t\t<div class=\"elementor-column elementor-col-50 elementor-top-column elementor-element elementor-element-46130cc\" data-id=\"46130cc\" data-element_type=\"column\">\n\t\t\t<div class=\"elementor-widget-wrap elementor-element-populated\">\n\t\t\t\t\t\t\t\t<div class=\"elementor-element elementor-element-d0dab54 elementor-invisible elementor-widget elementor-widget-heading\" data-id=\"d0dab54\" data-element_type=\"widget\" data-settings=\"{&quot;_animation&quot;:&quot;fadeInLeft&quot;}\" data-widget_type=\"heading.default\">\n\t\t\t\t<div class=\"elementor-widget-container\">\n\t\t\t<p class=\"elementor-heading-title elementor-size-default\">N\u00f3s entendemos a import\u00e2ncia do Social Media no mundo dos\nneg\u00f3cios atualmente. N\u00f3s da \u00c9pico Ag\u00eancia oferecemos um\nservi\u00e7o de Social Media abrangente e eficaz para atender \u00e0s\nnecessidades dos nossos clientes.<\/p>\t\t<\/div>\n\t\t\t\t<\/div>\n\t\t\t\t<div class=\"elementor-element elementor-element-d9529ce elementor-invisible elementor-widget elementor-widget-heading\" data-id=\"d9529ce\" data-element_type=\"widget\" data-settings=\"{&quot;_animation&quot;:&quot;fadeInLeft&quot;}\" data-widget_type=\"heading.default\">\n\t\t\t\t<div class=\"elementor-widget-container\">\n\t\t\t<p class=\"elementor-heading-title elementor-size-default\">Nosso time de Social Media \u00e9 composto por profissionais\naltamente qualificados e apaixonados por criar estrat\u00e9gias\npersonalizadas para cada cliente. N\u00f3s compreendemos que\ncada empresa \u00e9 \u00fanica, e por isso desenvolvemos abordagens\nestrat\u00e9gicas adaptadas especificamente para alcan\u00e7ar seus\nobjetivos.<\/p>\t\t<\/div>\n\t\t\t\t<\/div>\n\t\t\t\t<div class=\"elementor-element elementor-element-e1a8f94 elementor-invisible elementor-widget elementor-widget-heading\" data-id=\"e1a8f94\" data-element_type=\"widget\" data-settings=\"{&quot;_animation&quot;:&quot;fadeInLeft&quot;}\" data-widget_type=\"heading.default\">\n\t\t\t\t<div class=\"elementor-widget-container\">\n\t\t\t<p class=\"elementor-heading-title elementor-size-default\">Como seu parceiro de confian\u00e7a, n\u00f3s cuidamos de todas as\nsuas necessidades de Social Media. Desde a cria\u00e7\u00e3o e gest\u00e3o\nde perfis nas principais plataformas sociais, at\u00e9 a produ\u00e7\u00e3o\nde conte\u00fado envolvente e a intera\u00e7\u00e3o com seus seguidores,\nn\u00f3s garantimos que sua presen\u00e7a online seja consistente,\nprofissional e impactante.<\/p>\t\t<\/div>\n\t\t\t\t<\/div>\n\t\t\t\t<div class=\"elementor-element elementor-element-f44282b elementor-invisible elementor-widget elementor-widget-heading\" data-id=\"f44282b\" data-element_type=\"widget\" data-settings=\"{&quot;_animation&quot;:&quot;fadeInLeft&quot;}\" data-widget_type=\"heading.default\">\n\t\t\t\t<div class=\"elementor-widget-container\">\n\t\t\t<p class=\"elementor-heading-title elementor-size-default\">Nossa equipe de atendimento ao cliente \u00e9 dedicada a\ngarantir sua satisfa\u00e7\u00e3o e sucesso. Estamos sempre\ndispon\u00edveis para ouvir suas ideias, responder suas perguntas\ne ajustar nossa estrat\u00e9gia de acordo com suas necessidades\nem constante evolu\u00e7\u00e3o. N\u00f3s valorizamos a colabora\u00e7\u00e3o e a\ntranspar\u00eancia, e acreditamos que uma comunica\u00e7\u00e3o eficaz\ncom nossos clientes \u00e9 a chave para alcan\u00e7ar resultados\nexcepcionais.<\/p>\t\t<\/div>\n\t\t\t\t<\/div>\n\t\t\t\t\t<\/div>\n\t\t<\/div>\n\t\t\t\t<div class=\"elementor-column elementor-col-50 elementor-top-column elementor-element elementor-element-1902aab\" data-id=\"1902aab\" data-element_type=\"column\">\n\t\t\t<div class=\"elementor-widget-wrap elementor-element-populated\">\n\t\t\t\t\t\t\t\t<div class=\"elementor-element elementor-element-1eed96d elementor-widget__width-initial elementor-widget elementor-widget-image\" data-id=\"1eed96d\" data-element_type=\"widget\" data-widget_type=\"image.default\">\n\t\t\t\t<div class=\"elementor-widget-container\">\n\t\t\t<style>\/*! elementor - v3.14.0 - 26-06-2023 *\/\n.elementor-widget-image{text-align:center}.elementor-widget-image a{display:inline-block}.elementor-widget-image a img[src$=\".svg\"]{width:48px}.elementor-widget-image img{vertical-align:middle;display:inline-block}<\/style>\t\t\t\t\t\t\t\t\t\t\t\t<img decoding=\"async\" width=\"1353\" height=\"1080\" src=\"https:\/\/epicoagencia.com.br\/wp-content\/uploads\/2023\/06\/gestao-de-midias-digitais-1-e1687150920242.png\" class=\"attachment-full size-full wp-image-2383\" alt=\"\" loading=\"lazy\" srcset=\"https:\/\/epicoagencia.com.br\/wp-content\/uploads\/2023\/06\/gestao-de-midias-digitais-1-e1687150920242.png 1353w, https:\/\/epicoagencia.com.br\/wp-content\/uploads\/2023\/06\/gestao-de-midias-digitais-1-e1687150920242-300x239.png 300w, https:\/\/epicoagencia.com.br\/wp-content\/uploads\/2023\/06\/gestao-de-midias-digitais-1-e1687150920242-1024x817.png 1024w, https:\/\/epicoagencia.com.br\/wp-content\/uploads\/2023\/06\/gestao-de-midias-digitais-1-e1687150920242-768x613.png 768w, https:\/\/epicoagencia.com.br\/wp-content\/uploads\/2023\/06\/gestao-de-midias-digitais-1-e1687150920242-700x559.png 700w\" sizes=\"(max-width: 1353px) 100vw, 1353px\" \/>\t\t\t\t\t\t\t\t\t\t\t\t\t\t\t<\/div>\n\t\t\t\t<\/div>\n\t\t\t\t\t<\/div>\n\t\t<\/div>\n\t\t\t\t\t\t\t<\/div>\n\t\t<\/section>\n\t\t\t\t<section class=\"elementor-section elementor-top-section elementor-element elementor-element-bd25ba7 elementor-section-boxed elementor-section-height-default elementor-section-height-default\" data-id=\"bd25ba7\" data-element_type=\"section\">\n\t\t\t\t\t\t<div class=\"elementor-container elementor-column-gap-default\">\n\t\t\t\t\t<div class=\"elementor-column elementor-col-100 elementor-top-column elementor-element elementor-element-7481c16\" data-id=\"7481c16\" data-element_type=\"column\">\n\t\t\t<div class=\"elementor-widget-wrap elementor-element-populated\">\n\t\t\t\t\t\t\t\t<div class=\"elementor-element elementor-element-bdc2b8d elementor-invisible elementor-widget elementor-widget-heading\" data-id=\"bdc2b8d\" data-element_type=\"widget\" data-settings=\"{&quot;_animation&quot;:&quot;fadeInLeft&quot;}\" data-widget_type=\"heading.default\">\n\t\t\t\t<div class=\"elementor-widget-container\">\n\t\t\t<p class=\"elementor-heading-title elementor-size-default\">Al\u00e9m disso, nosso compromisso com a excel\u00eancia se estende al\u00e9m da gest\u00e3o das redes sociais. N\u00f3s\nmonitoramos de perto as m\u00e9tricas e an\u00e1lises de desempenho para entender o impacto das nossas\nestrat\u00e9gias e fazer ajustes quando necess\u00e1rio. Nosso objetivo \u00e9 garantir que cada campanha de Social\nMedia seja otimizada para maximizar o engajamento, aumentar a visibilidade da sua marca e\nacompanhar o crescimento do seu neg\u00f3cio.<\/p>\t\t<\/div>\n\t\t\t\t<\/div>\n\t\t\t\t<div class=\"elementor-element elementor-element-bfded28 elementor-invisible elementor-widget elementor-widget-heading\" data-id=\"bfded28\" data-element_type=\"widget\" data-settings=\"{&quot;_animation&quot;:&quot;fadeInLeft&quot;}\" data-widget_type=\"heading.default\">\n\t\t\t\t<div class=\"elementor-widget-container\">\n\t\t\t<p class=\"elementor-heading-title elementor-size-default\">Na nossa ag\u00eancia, levamos a s\u00e9rio a responsabilidade de representar sua marca nas redes sociais. Saiba\nque cada intera\u00e7\u00e3o \u00e9 uma oportunidade para construir relacionamentos s\u00f3lidos e aumentar a confian\u00e7a\nde seus clientes. Com uma abordagem personalizada e uma equipe apaixonada pelo seu sucesso,\npodemos ajud\u00e1-lo a alcan\u00e7ar resultados induzidos no mundo digital.\nEntre em contato conosco hoje mesmo e descubra como podemos elevar sua presen\u00e7a nas redes sociais\npara um n\u00edvel superior. Estamos prontos para criar uma estrat\u00e9gia de Social Media personalizada que vai\natender o seu neg\u00f3cio e deixar uma marca duradoura no mundo digital.<\/p>\t\t<\/div>\n\t\t\t\t<\/div>\n\t\t\t\t\t<\/div>\n\t\t<\/div>\n\t\t\t\t\t\t\t<\/div>\n\t\t<\/section>\n\t\t\t\t\t\t\t<\/div>\n\t\t","protected":false},"excerpt":{"rendered":"<p>Gest\u00e3o &#038; estrat\u00e9gia digital SOCIAL MEDIA N\u00f3s entendemos a import\u00e2ncia do Social Media no mundo dos neg\u00f3cios atualmente. N\u00f3s da \u00c9pico Ag\u00eancia oferecemos um servi\u00e7o de Social Media abrangente e eficaz para atender \u00e0s necessidades dos nossos clientes. Nosso time de Social Media \u00e9 composto por profissionais altamente qualificados e apaixonados por criar estrat\u00e9gias personalizadas&#8230;<\/p>\n","protected":false},"author":1,"featured_media":0,"parent":0,"menu_order":0,"comment_status":"closed","ping_status":"closed","template":"","meta":{"_kad_post_transparent":"","_kad_post_title":"hide","_kad_post_layout":"fullwidth","_kad_post_sidebar_id":"","_kad_post_content_style":"unboxed","_kad_post_vertical_padding":"hide","_kad_post_feature":"hide","_kad_post_feature_position":"","_kad_post_header":false,"_kad_post_footer":false,"_joinchat":[]},"yoast_head":"<!-- This site is optimized with the Yoast SEO plugin v20.10 - https:\/\/yoast.com\/wordpress\/plugins\/seo\/ -->\n<title>Social Media - \u00c9pico Ag\u00eancia<\/title>\n<meta name=\"robots\" content=\"index, follow, max-snippet:-1, max-image-preview:large, max-video-preview:-1\" \/>\n<link rel=\"canonical\" href=\"https:\/\/epicoagencia.com.br\/index.php\/social-media\/\" \/>\n<meta property=\"og:locale\" content=\"pt_BR\" \/>\n<meta property=\"og:type\" content=\"article\" \/>\n<meta property=\"og:title\" content=\"Social Media - \u00c9pico Ag\u00eancia\" \/>\n<meta property=\"og:description\" content=\"Gest\u00e3o &#038; estrat\u00e9gia digital SOCIAL MEDIA N\u00f3s entendemos a import\u00e2ncia do Social Media no mundo dos neg\u00f3cios atualmente. N\u00f3s da \u00c9pico Ag\u00eancia oferecemos um servi\u00e7o de Social Media abrangente e eficaz para atender \u00e0s necessidades dos nossos clientes. Nosso time de Social Media \u00e9 composto por profissionais altamente qualificados e apaixonados por criar estrat\u00e9gias personalizadas...\" \/>\n<meta property=\"og:url\" content=\"https:\/\/epicoagencia.com.br\/index.php\/social-media\/\" \/>\n<meta property=\"og:site_name\" content=\"\u00c9pico Ag\u00eancia\" \/>\n<meta property=\"article:publisher\" content=\"https:\/\/www.facebook.com\/epicoagenciaoficial\" \/>\n<meta property=\"article:modified_time\" content=\"2023-06-28T00:54:46+00:00\" \/>\n<meta property=\"og:image\" content=\"https:\/\/epicoagencia.com.br\/wp-content\/uploads\/2023\/06\/gestao-de-midias-digitais-1-e1687150920242.png\" \/>\n<meta name=\"twitter:card\" content=\"summary_large_image\" \/>\n<meta name=\"twitter:label1\" content=\"Est. tempo de leitura\" \/>\n\t<meta name=\"twitter:data1\" content=\"3 minutos\" \/>\n<script type=\"application\/ld+json\" class=\"yoast-schema-graph\">{\"@context\":\"https:\/\/schema.org\",\"@graph\":[{\"@type\":\"WebPage\",\"@id\":\"https:\/\/epicoagencia.com.br\/index.php\/social-media\/\",\"url\":\"https:\/\/epicoagencia.com.br\/index.php\/social-media\/\",\"name\":\"Social Media - \u00c9pico Ag\u00eancia\",\"isPartOf\":{\"@id\":\"https:\/\/epicoagencia.com.br\/#website\"},\"datePublished\":\"2023-06-19T04:48:24+00:00\",\"dateModified\":\"2023-06-28T00:54:46+00:00\",\"breadcrumb\":{\"@id\":\"https:\/\/epicoagencia.com.br\/index.php\/social-media\/#breadcrumb\"},\"inLanguage\":\"pt-BR\",\"potentialAction\":[{\"@type\":\"ReadAction\",\"target\":[\"https:\/\/epicoagencia.com.br\/index.php\/social-media\/\"]}]},{\"@type\":\"BreadcrumbList\",\"@id\":\"https:\/\/epicoagencia.com.br\/index.php\/social-media\/#breadcrumb\",\"itemListElement\":[{\"@type\":\"ListItem\",\"position\":1,\"name\":\"In\u00edcio\",\"item\":\"https:\/\/epicoagencia.com.br\/\"},{\"@type\":\"ListItem\",\"position\":2,\"name\":\"Social Media\"}]},{\"@type\":\"WebSite\",\"@id\":\"https:\/\/epicoagencia.com.br\/#website\",\"url\":\"https:\/\/epicoagencia.com.br\/\",\"name\":\"\u00c9pico Ag\u00eancia\",\"description\":\"Uma ag\u00eancia que entende de gente!\",\"publisher\":{\"@id\":\"https:\/\/epicoagencia.com.br\/#organization\"},\"potentialAction\":[{\"@type\":\"SearchAction\",\"target\":{\"@type\":\"EntryPoint\",\"urlTemplate\":\"https:\/\/epicoagencia.com.br\/?s={search_term_string}\"},\"query-input\":\"required name=search_term_string\"}],\"inLanguage\":\"pt-BR\"},{\"@type\":\"Organization\",\"@id\":\"https:\/\/epicoagencia.com.br\/#organization\",\"name\":\"\u00c9pico Ag\u00eancia\",\"url\":\"https:\/\/epicoagencia.com.br\/\",\"logo\":{\"@type\":\"ImageObject\",\"inLanguage\":\"pt-BR\",\"@id\":\"https:\/\/epicoagencia.com.br\/#\/schema\/logo\/image\/\",\"url\":\"https:\/\/epicoagencia.com.br\/wp-content\/uploads\/2023\/05\/Logotipo-Agencia-Epico-e1684367971845.png\",\"contentUrl\":\"https:\/\/epicoagencia.com.br\/wp-content\/uploads\/2023\/05\/Logotipo-Agencia-Epico-e1684367971845.png\",\"width\":766,\"height\":299,\"caption\":\"\u00c9pico Ag\u00eancia\"},\"image\":{\"@id\":\"https:\/\/epicoagencia.com.br\/#\/schema\/logo\/image\/\"},\"sameAs\":[\"https:\/\/www.facebook.com\/epicoagenciaoficial\",\"https:\/\/www.instagram.com\/epicoagenciaoficial\/\"]}]}<\/script>\n<!-- \/ Yoast SEO plugin. -->","yoast_head_json":{"title":"Social Media - \u00c9pico Ag\u00eancia","robots":{"index":"index","follow":"follow","max-snippet":"max-snippet:-1","max-image-preview":"max-image-preview:large","max-video-preview":"max-video-preview:-1"},"canonical":"https:\/\/epicoagencia.com.br\/index.php\/social-media\/","og_locale":"pt_BR","og_type":"article","og_title":"Social Media - \u00c9pico Ag\u00eancia","og_description":"Gest\u00e3o &#038; estrat\u00e9gia digital SOCIAL MEDIA N\u00f3s entendemos a import\u00e2ncia do Social Media no mundo dos neg\u00f3cios atualmente. N\u00f3s da \u00c9pico Ag\u00eancia oferecemos um servi\u00e7o de Social Media abrangente e eficaz para atender \u00e0s necessidades dos nossos clientes. Nosso time de Social Media \u00e9 composto por profissionais altamente qualificados e apaixonados por criar estrat\u00e9gias personalizadas...","og_url":"https:\/\/epicoagencia.com.br\/index.php\/social-media\/","og_site_name":"\u00c9pico Ag\u00eancia","article_publisher":"https:\/\/www.facebook.com\/epicoagenciaoficial","article_modified_time":"2023-06-28T00:54:46+00:00","og_image":[{"url":"https:\/\/epicoagencia.com.br\/wp-content\/uploads\/2023\/06\/gestao-de-midias-digitais-1-e1687150920242.png"}],"twitter_card":"summary_large_image","twitter_misc":{"Est. tempo de leitura":"3 minutos"},"schema":{"@context":"https:\/\/schema.org","@graph":[{"@type":"WebPage","@id":"https:\/\/epicoagencia.com.br\/index.php\/social-media\/","url":"https:\/\/epicoagencia.com.br\/index.php\/social-media\/","name":"Social Media - \u00c9pico Ag\u00eancia","isPartOf":{"@id":"https:\/\/epicoagencia.com.br\/#website"},"datePublished":"2023-06-19T04:48:24+00:00","dateModified":"2023-06-28T00:54:46+00:00","breadcrumb":{"@id":"https:\/\/epicoagencia.com.br\/index.php\/social-media\/#breadcrumb"},"inLanguage":"pt-BR","potentialAction":[{"@type":"ReadAction","target":["https:\/\/epicoagencia.com.br\/index.php\/social-media\/"]}]},{"@type":"BreadcrumbList","@id":"https:\/\/epicoagencia.com.br\/index.php\/social-media\/#breadcrumb","itemListElement":[{"@type":"ListItem","position":1,"name":"In\u00edcio","item":"https:\/\/epicoagencia.com.br\/"},{"@type":"ListItem","position":2,"name":"Social Media"}]},{"@type":"WebSite","@id":"https:\/\/epicoagencia.com.br\/#website","url":"https:\/\/epicoagencia.com.br\/","name":"\u00c9pico Ag\u00eancia","description":"Uma ag\u00eancia que entende de gente!","publisher":{"@id":"https:\/\/epicoagencia.com.br\/#organization"},"potentialAction":[{"@type":"SearchAction","target":{"@type":"EntryPoint","urlTemplate":"https:\/\/epicoagencia.com.br\/?s={search_term_string}"},"query-input":"required name=search_term_string"}],"inLanguage":"pt-BR"},{"@type":"Organization","@id":"https:\/\/epicoagencia.com.br\/#organization","name":"\u00c9pico Ag\u00eancia","url":"https:\/\/epicoagencia.com.br\/","logo":{"@type":"ImageObject","inLanguage":"pt-BR","@id":"https:\/\/epicoagencia.com.br\/#\/schema\/logo\/image\/","url":"https:\/\/epicoagencia.com.br\/wp-content\/uploads\/2023\/05\/Logotipo-Agencia-Epico-e1684367971845.png","contentUrl":"https:\/\/epicoagencia.com.br\/wp-content\/uploads\/2023\/05\/Logotipo-Agencia-Epico-e1684367971845.png","width":766,"height":299,"caption":"\u00c9pico Ag\u00eancia"},"image":{"@id":"https:\/\/epicoagencia.com.br\/#\/schema\/logo\/image\/"},"sameAs":["https:\/\/www.facebook.com\/epicoagenciaoficial","https:\/\/www.instagram.com\/epicoagenciaoficial\/"]}]}},"_links":{"self":[{"href":"https:\/\/epicoagencia.com.br\/index.php\/wp-json\/wp\/v2\/pages\/2366"}],"collection":[{"href":"https:\/\/epicoagencia.com.br\/index.php\/wp-json\/wp\/v2\/pages"}],"about":[{"href":"https:\/\/epicoagencia.com.br\/index.php\/wp-json\/wp\/v2\/types\/page"}],"author":[{"embeddable":true,"href":"https:\/\/epicoagencia.com.br\/index.php\/wp-json\/wp\/v2\/users\/1"}],"replies":[{"embeddable":true,"href":"https:\/\/epicoagencia.com.br\/index.php\/wp-json\/wp\/v2\/comments?post=2366"}],"version-history":[{"count":37,"href":"https:\/\/epicoagencia.com.br\/index.php\/wp-json\/wp\/v2\/pages\/2366\/revisions"}],"predecessor-version":[{"id":2475,"href":"https:\/\/epicoagencia.com.br\/index.php\/wp-json\/wp\/v2\/pages\/2366\/revisions\/2475"}],"wp:attachment":[{"href":"https:\/\/epicoagencia.com.br\/index.php\/wp-json\/wp\/v2\/media?parent=2366"}],"curies":[{"name":"wp","href":"https:\/\/api.w.org\/{rel}","templated":true}]}}