{"id":2339,"date":"2023-06-19T01:00:01","date_gmt":"2023-06-19T04:00:01","guid":{"rendered":"https:\/\/epicoagencia.com.br\/?page_id=2339"},"modified":"2023-06-19T01:15:43","modified_gmt":"2023-06-19T04:15:43","slug":"marketing-360o","status":"publish","type":"page","link":"https:\/\/epicoagencia.com.br\/index.php\/marketing-360o\/","title":{"rendered":"Marketing 360\u00ba"},"content":{"rendered":"\t\t<div data-elementor-type=\"wp-page\" data-elementor-id=\"2339\" class=\"elementor elementor-2339\">\n\t\t\t\t\t\t\t\t\t<section class=\"elementor-section elementor-top-section elementor-element elementor-element-b774a9e elementor-section-height-min-height elementor-section-boxed elementor-section-height-default elementor-section-items-middle\" data-id=\"b774a9e\" data-element_type=\"section\" data-settings=\"{&quot;background_background&quot;:&quot;classic&quot;}\">\n\t\t\t\t\t\t<div class=\"elementor-container elementor-column-gap-default\">\n\t\t\t\t\t<div class=\"elementor-column elementor-col-50 elementor-top-column elementor-element elementor-element-2135ecf\" data-id=\"2135ecf\" data-element_type=\"column\">\n\t\t\t<div class=\"elementor-widget-wrap elementor-element-populated\">\n\t\t\t\t\t\t\t\t<div class=\"elementor-element elementor-element-0ebfa7f elementor-widget elementor-widget-heading\" data-id=\"0ebfa7f\" data-element_type=\"widget\" data-widget_type=\"heading.default\">\n\t\t\t\t<div class=\"elementor-widget-container\">\n\t\t\t<style>\/*! elementor - v3.14.0 - 26-06-2023 *\/\n.elementor-heading-title{padding:0;margin:0;line-height:1}.elementor-widget-heading .elementor-heading-title[class*=elementor-size-]>a{color:inherit;font-size:inherit;line-height:inherit}.elementor-widget-heading .elementor-heading-title.elementor-size-small{font-size:15px}.elementor-widget-heading .elementor-heading-title.elementor-size-medium{font-size:19px}.elementor-widget-heading .elementor-heading-title.elementor-size-large{font-size:29px}.elementor-widget-heading .elementor-heading-title.elementor-size-xl{font-size:39px}.elementor-widget-heading .elementor-heading-title.elementor-size-xxl{font-size:59px}<\/style><h2 class=\"elementor-heading-title elementor-size-default\">Marketing 360\u00ba<\/h2>\t\t<\/div>\n\t\t\t\t<\/div>\n\t\t\t\t<div class=\"elementor-element elementor-element-3427f3a elementor-widget elementor-widget-heading\" data-id=\"3427f3a\" data-element_type=\"widget\" data-widget_type=\"heading.default\">\n\t\t\t\t<div class=\"elementor-widget-container\">\n\t\t\t<h2 class=\"elementor-heading-title elementor-size-default\">Sua estrat\u00e9gia<br>\ncompleta em<br>\ndiversos canais\n<\/h2>\t\t<\/div>\n\t\t\t\t<\/div>\n\t\t\t\t\t<\/div>\n\t\t<\/div>\n\t\t\t\t<div class=\"elementor-column elementor-col-50 elementor-top-column elementor-element elementor-element-00560c4\" data-id=\"00560c4\" data-element_type=\"column\">\n\t\t\t<div class=\"elementor-widget-wrap elementor-element-populated\">\n\t\t\t\t\t\t\t\t<div class=\"elementor-element elementor-element-1125fb0 elementor-widget elementor-widget-image\" data-id=\"1125fb0\" data-element_type=\"widget\" data-widget_type=\"image.default\">\n\t\t\t\t<div class=\"elementor-widget-container\">\n\t\t\t<style>\/*! elementor - v3.14.0 - 26-06-2023 *\/\n.elementor-widget-image{text-align:center}.elementor-widget-image a{display:inline-block}.elementor-widget-image a img[src$=\".svg\"]{width:48px}.elementor-widget-image img{vertical-align:middle;display:inline-block}<\/style>\t\t\t\t\t\t\t\t\t\t\t\t<img decoding=\"async\" width=\"337\" height=\"374\" src=\"https:\/\/epicoagencia.com.br\/wp-content\/uploads\/2023\/06\/MARKETING_360_-_EPICO-removebg-preview-e1687147435850.png\" class=\"attachment-full size-full wp-image-2342\" alt=\"\" loading=\"lazy\" srcset=\"https:\/\/epicoagencia.com.br\/wp-content\/uploads\/2023\/06\/MARKETING_360_-_EPICO-removebg-preview-e1687147435850.png 337w, https:\/\/epicoagencia.com.br\/wp-content\/uploads\/2023\/06\/MARKETING_360_-_EPICO-removebg-preview-e1687147435850-270x300.png 270w\" sizes=\"(max-width: 337px) 100vw, 337px\" \/>\t\t\t\t\t\t\t\t\t\t\t\t\t\t\t<\/div>\n\t\t\t\t<\/div>\n\t\t\t\t\t<\/div>\n\t\t<\/div>\n\t\t\t\t\t\t\t<\/div>\n\t\t<\/section>\n\t\t\t\t<section class=\"elementor-section elementor-top-section elementor-element elementor-element-e9366ea elementor-section-boxed elementor-section-height-default elementor-section-height-default\" data-id=\"e9366ea\" data-element_type=\"section\">\n\t\t\t\t\t\t<div class=\"elementor-container elementor-column-gap-default\">\n\t\t\t\t\t<div class=\"elementor-column elementor-col-50 elementor-top-column elementor-element elementor-element-2c4a8be\" data-id=\"2c4a8be\" data-element_type=\"column\">\n\t\t\t<div class=\"elementor-widget-wrap elementor-element-populated\">\n\t\t\t\t\t\t\t\t<div class=\"elementor-element elementor-element-042792b elementor-invisible elementor-widget elementor-widget-heading\" data-id=\"042792b\" data-element_type=\"widget\" data-settings=\"{&quot;_animation&quot;:&quot;fadeInLeft&quot;}\" data-widget_type=\"heading.default\">\n\t\t\t\t<div class=\"elementor-widget-container\">\n\t\t\t<h2 class=\"elementor-heading-title elementor-size-default\">Uma abordagem<br>\nabrangente de<br>\nmarketing<\/h2>\t\t<\/div>\n\t\t\t\t<\/div>\n\t\t\t\t\t<\/div>\n\t\t<\/div>\n\t\t\t\t<div class=\"elementor-column elementor-col-50 elementor-top-column elementor-element elementor-element-2753897\" data-id=\"2753897\" data-element_type=\"column\">\n\t\t\t<div class=\"elementor-widget-wrap elementor-element-populated\">\n\t\t\t\t\t\t\t\t<div class=\"elementor-element elementor-element-1e1eb90 elementor-invisible elementor-widget elementor-widget-heading\" data-id=\"1e1eb90\" data-element_type=\"widget\" data-settings=\"{&quot;_animation&quot;:&quot;fadeInLeft&quot;}\" data-widget_type=\"heading.default\">\n\t\t\t\t<div class=\"elementor-widget-container\">\n\t\t\t<p class=\"elementor-heading-title elementor-size-default\">No cen\u00e1rio competitivo atual, ter uma abordagem abrangente\nde marketing \u00e9 essencial para o crescimento e o alcance de\nresultados excepcionais. O Marketing 360 \u00e9 a solu\u00e7\u00e3o perfeita\npara empresas que desejam alcan\u00e7ar o m\u00e1ximo potencial em\nsua estrat\u00e9gia de marketing.\n<\/p>\t\t<\/div>\n\t\t\t\t<\/div>\n\t\t\t\t<div class=\"elementor-element elementor-element-eeb2f19 elementor-invisible elementor-widget elementor-widget-heading\" data-id=\"eeb2f19\" data-element_type=\"widget\" data-settings=\"{&quot;_animation&quot;:&quot;fadeInLeft&quot;}\" data-widget_type=\"heading.default\">\n\t\t\t\t<div class=\"elementor-widget-container\">\n\t\t\t<p class=\"elementor-heading-title elementor-size-default\">O Marketing 360 engloba todas as facetas do marketing digital e\ntradicional, permitindo que sua empresa tenha uma presen\u00e7a\nconsistente e impactante em todos os pontos de contato com\nseus clientes. N\u00e3o importa se \u00e9 online ou offline, estamos aqui\npara ajud\u00e1-lo a criar uma estrat\u00e9gia integrada que aproveite\ntodas as oportunidades dispon\u00edveis para alcan\u00e7ar seus\nobjetivos.<\/p>\t\t<\/div>\n\t\t\t\t<\/div>\n\t\t\t\t<div class=\"elementor-element elementor-element-f23841c elementor-invisible elementor-widget elementor-widget-heading\" data-id=\"f23841c\" data-element_type=\"widget\" data-settings=\"{&quot;_animation&quot;:&quot;fadeInLeft&quot;}\" data-widget_type=\"heading.default\">\n\t\t\t\t<div class=\"elementor-widget-container\">\n\t\t\t<p class=\"elementor-heading-title elementor-size-default\">Nossa ag\u00eancia oferece uma gama completa de servi\u00e7os de\nMarketing 360, incluindo branding, cria\u00e7\u00e3o de conte\u00fado, SEO,\npublicidade digital, redes sociais, e-mail marketing, marketing\nde influ\u00eancia, an\u00e1lise de dados e muito mais. Combinando essas\nt\u00e1ticas de forma estrat\u00e9gica, podemos criar uma presen\u00e7a de\nmarca coesa, envolvente e memor\u00e1vel em todos os canais.\n<\/p>\t\t<\/div>\n\t\t\t\t<\/div>\n\t\t\t\t\t<\/div>\n\t\t<\/div>\n\t\t\t\t\t\t\t<\/div>\n\t\t<\/section>\n\t\t\t\t<section class=\"elementor-section elementor-top-section elementor-element elementor-element-ee9ed99 elementor-section-height-min-height elementor-section-boxed elementor-section-height-default elementor-section-items-middle\" data-id=\"ee9ed99\" data-element_type=\"section\" data-settings=\"{&quot;background_background&quot;:&quot;classic&quot;}\">\n\t\t\t\t\t\t<div class=\"elementor-container elementor-column-gap-default\">\n\t\t\t\t\t<div class=\"elementor-column elementor-col-50 elementor-top-column elementor-element elementor-element-9fef670\" data-id=\"9fef670\" data-element_type=\"column\">\n\t\t\t<div class=\"elementor-widget-wrap elementor-element-populated\">\n\t\t\t\t\t\t\t\t<div class=\"elementor-element elementor-element-04078a2 elementor-widget elementor-widget-heading\" data-id=\"04078a2\" data-element_type=\"widget\" data-widget_type=\"heading.default\">\n\t\t\t\t<div class=\"elementor-widget-container\">\n\t\t\t<h2 class=\"elementor-heading-title elementor-size-default\">Entendemos<br>\nque cada<br>\nempresa \u00e9<br>\n\u00fanica<\/h2>\t\t<\/div>\n\t\t\t\t<\/div>\n\t\t\t\t\t<\/div>\n\t\t<\/div>\n\t\t\t\t<div class=\"elementor-column elementor-col-50 elementor-top-column elementor-element elementor-element-72e7cdf\" data-id=\"72e7cdf\" data-element_type=\"column\">\n\t\t\t<div class=\"elementor-widget-wrap elementor-element-populated\">\n\t\t\t\t\t\t\t\t<div class=\"elementor-element elementor-element-ab139f6 elementor-invisible elementor-widget elementor-widget-heading\" data-id=\"ab139f6\" data-element_type=\"widget\" data-settings=\"{&quot;_animation&quot;:&quot;fadeInLeft&quot;}\" data-widget_type=\"heading.default\">\n\t\t\t\t<div class=\"elementor-widget-container\">\n\t\t\t<p class=\"elementor-heading-title elementor-size-default\">Com objetivos espec\u00edficos e um p\u00fablico-alvo distinto. \u00c9 por isso\nque adotamos uma abordagem personalizada para cada cliente.\nNossa equipe de especialistas em marketing trabalhar\u00e1 em\nestreita colabora\u00e7\u00e3o com voc\u00ea para entender suas necessidades,\nestudar seu mercado-alvo e criar uma estrat\u00e9gia sob medida que\nimpulsione seu neg\u00f3cio para o sucesso<\/p>\t\t<\/div>\n\t\t\t\t<\/div>\n\t\t\t\t<div class=\"elementor-element elementor-element-574777d elementor-invisible elementor-widget elementor-widget-heading\" data-id=\"574777d\" data-element_type=\"widget\" data-settings=\"{&quot;_animation&quot;:&quot;fadeInLeft&quot;}\" data-widget_type=\"heading.default\">\n\t\t\t\t<div class=\"elementor-widget-container\">\n\t\t\t<p class=\"elementor-heading-title elementor-size-default\">Com o Marketing 360, voc\u00ea pode alcan\u00e7ar resultados not\u00e1veis. Sua\nmarca estar\u00e1 presente em todas as etapas do processo de\ncompra do cliente, desde a cria\u00e7\u00e3o de consci\u00eancia at\u00e9 a\nconvers\u00e3o e a fideliza\u00e7\u00e3o. Atrav\u00e9s de uma combina\u00e7\u00e3o de\nestrat\u00e9gias digitais e tradicionais, sua empresa se torna uma\npresen\u00e7a confi\u00e1vel e influente no mercado.<\/p>\t\t<\/div>\n\t\t\t\t<\/div>\n\t\t\t\t<div class=\"elementor-element elementor-element-5c83f19 elementor-invisible elementor-widget elementor-widget-heading\" data-id=\"5c83f19\" data-element_type=\"widget\" data-settings=\"{&quot;_animation&quot;:&quot;fadeInLeft&quot;}\" data-widget_type=\"heading.default\">\n\t\t\t\t<div class=\"elementor-widget-container\">\n\t\t\t<p class=\"elementor-heading-title elementor-size-default\">N\u00e3o importa o tamanho da sua empresa, se \u00e9 uma startup ou uma\nempresa estabelecida, o Marketing 360 \u00e9 uma estrat\u00e9gia poderosa\nque pode manter seu crescimento. Ao integrar e alinhar todas as\nsuas atividades de marketing, voc\u00ea estar\u00e1 construindo uma base\ns\u00f3lida para alcan\u00e7ar seus objetivos de neg\u00f3cios e se destacar da\nconcorr\u00eancia.<\/p>\t\t<\/div>\n\t\t\t\t<\/div>\n\t\t\t\t<div class=\"elementor-element elementor-element-f2a9756 elementor-invisible elementor-widget elementor-widget-heading\" data-id=\"f2a9756\" data-element_type=\"widget\" data-settings=\"{&quot;_animation&quot;:&quot;fadeInLeft&quot;}\" data-widget_type=\"heading.default\">\n\t\t\t\t<div class=\"elementor-widget-container\">\n\t\t\t<p class=\"elementor-heading-title elementor-size-default\">Estamos aqui para ajud\u00e1-lo a aproveitar ao m\u00e1ximo o Marketing\n360. Nossa ag\u00eancia possui uma equipe experiente e apaixonada,\npronta para criar uma estrat\u00e9gia de marketing personalizada que\natenda \u00e0s suas necessidades espec\u00edficas. Entre em contato\nconosco hoje mesmo e juntos vamos levar sua empresa para\nnovos patamares de sucesso com o Marketing 360<\/p>\t\t<\/div>\n\t\t\t\t<\/div>\n\t\t\t\t\t<\/div>\n\t\t<\/div>\n\t\t\t\t\t\t\t<\/div>\n\t\t<\/section>\n\t\t\t\t\t\t\t<\/div>\n\t\t","protected":false},"excerpt":{"rendered":"<p>Marketing 360\u00ba Sua estrat\u00e9gia completa em diversos canais Uma abordagem abrangente de marketing No cen\u00e1rio competitivo atual, ter uma abordagem abrangente de marketing \u00e9 essencial para o crescimento e o alcance de resultados excepcionais. O Marketing 360 \u00e9 a solu\u00e7\u00e3o perfeita para empresas que desejam alcan\u00e7ar o m\u00e1ximo potencial em sua estrat\u00e9gia de marketing. O&#8230;<\/p>\n","protected":false},"author":1,"featured_media":0,"parent":0,"menu_order":0,"comment_status":"closed","ping_status":"closed","template":"","meta":{"_kad_post_transparent":"","_kad_post_title":"hide","_kad_post_layout":"fullwidth","_kad_post_sidebar_id":"","_kad_post_content_style":"unboxed","_kad_post_vertical_padding":"hide","_kad_post_feature":"hide","_kad_post_feature_position":"","_kad_post_header":false,"_kad_post_footer":false,"_joinchat":[]},"yoast_head":"<!-- This site is optimized with the Yoast SEO plugin v20.10 - https:\/\/yoast.com\/wordpress\/plugins\/seo\/ -->\n<title>Marketing 360\u00ba - \u00c9pico Ag\u00eancia<\/title>\n<meta name=\"robots\" content=\"index, follow, max-snippet:-1, max-image-preview:large, max-video-preview:-1\" \/>\n<link rel=\"canonical\" href=\"https:\/\/epicoagencia.com.br\/index.php\/marketing-360o\/\" \/>\n<meta property=\"og:locale\" content=\"pt_BR\" \/>\n<meta property=\"og:type\" content=\"article\" \/>\n<meta property=\"og:title\" content=\"Marketing 360\u00ba - \u00c9pico Ag\u00eancia\" \/>\n<meta property=\"og:description\" content=\"Marketing 360\u00ba Sua estrat\u00e9gia completa em diversos canais Uma abordagem abrangente de marketing No cen\u00e1rio competitivo atual, ter uma abordagem abrangente de marketing \u00e9 essencial para o crescimento e o alcance de resultados excepcionais. O Marketing 360 \u00e9 a solu\u00e7\u00e3o perfeita para empresas que desejam alcan\u00e7ar o m\u00e1ximo potencial em sua estrat\u00e9gia de marketing. O...\" \/>\n<meta property=\"og:url\" content=\"https:\/\/epicoagencia.com.br\/index.php\/marketing-360o\/\" \/>\n<meta property=\"og:site_name\" content=\"\u00c9pico Ag\u00eancia\" \/>\n<meta property=\"article:publisher\" content=\"https:\/\/www.facebook.com\/epicoagenciaoficial\" \/>\n<meta property=\"article:modified_time\" content=\"2023-06-19T04:15:43+00:00\" \/>\n<meta property=\"og:image\" content=\"https:\/\/epicoagencia.com.br\/wp-content\/uploads\/2023\/06\/MARKETING_360_-_EPICO-removebg-preview-e1687147435850.png\" \/>\n<meta name=\"twitter:card\" content=\"summary_large_image\" \/>\n<meta name=\"twitter:label1\" content=\"Est. tempo de leitura\" \/>\n\t<meta name=\"twitter:data1\" content=\"3 minutos\" \/>\n<script type=\"application\/ld+json\" class=\"yoast-schema-graph\">{\"@context\":\"https:\/\/schema.org\",\"@graph\":[{\"@type\":\"WebPage\",\"@id\":\"https:\/\/epicoagencia.com.br\/index.php\/marketing-360o\/\",\"url\":\"https:\/\/epicoagencia.com.br\/index.php\/marketing-360o\/\",\"name\":\"Marketing 360\u00ba - \u00c9pico Ag\u00eancia\",\"isPartOf\":{\"@id\":\"https:\/\/epicoagencia.com.br\/#website\"},\"datePublished\":\"2023-06-19T04:00:01+00:00\",\"dateModified\":\"2023-06-19T04:15:43+00:00\",\"breadcrumb\":{\"@id\":\"https:\/\/epicoagencia.com.br\/index.php\/marketing-360o\/#breadcrumb\"},\"inLanguage\":\"pt-BR\",\"potentialAction\":[{\"@type\":\"ReadAction\",\"target\":[\"https:\/\/epicoagencia.com.br\/index.php\/marketing-360o\/\"]}]},{\"@type\":\"BreadcrumbList\",\"@id\":\"https:\/\/epicoagencia.com.br\/index.php\/marketing-360o\/#breadcrumb\",\"itemListElement\":[{\"@type\":\"ListItem\",\"position\":1,\"name\":\"In\u00edcio\",\"item\":\"https:\/\/epicoagencia.com.br\/\"},{\"@type\":\"ListItem\",\"position\":2,\"name\":\"Marketing 360\u00ba\"}]},{\"@type\":\"WebSite\",\"@id\":\"https:\/\/epicoagencia.com.br\/#website\",\"url\":\"https:\/\/epicoagencia.com.br\/\",\"name\":\"\u00c9pico Ag\u00eancia\",\"description\":\"Uma ag\u00eancia que entende de gente!\",\"publisher\":{\"@id\":\"https:\/\/epicoagencia.com.br\/#organization\"},\"potentialAction\":[{\"@type\":\"SearchAction\",\"target\":{\"@type\":\"EntryPoint\",\"urlTemplate\":\"https:\/\/epicoagencia.com.br\/?s={search_term_string}\"},\"query-input\":\"required name=search_term_string\"}],\"inLanguage\":\"pt-BR\"},{\"@type\":\"Organization\",\"@id\":\"https:\/\/epicoagencia.com.br\/#organization\",\"name\":\"\u00c9pico Ag\u00eancia\",\"url\":\"https:\/\/epicoagencia.com.br\/\",\"logo\":{\"@type\":\"ImageObject\",\"inLanguage\":\"pt-BR\",\"@id\":\"https:\/\/epicoagencia.com.br\/#\/schema\/logo\/image\/\",\"url\":\"https:\/\/epicoagencia.com.br\/wp-content\/uploads\/2023\/05\/Logotipo-Agencia-Epico-e1684367971845.png\",\"contentUrl\":\"https:\/\/epicoagencia.com.br\/wp-content\/uploads\/2023\/05\/Logotipo-Agencia-Epico-e1684367971845.png\",\"width\":766,\"height\":299,\"caption\":\"\u00c9pico Ag\u00eancia\"},\"image\":{\"@id\":\"https:\/\/epicoagencia.com.br\/#\/schema\/logo\/image\/\"},\"sameAs\":[\"https:\/\/www.facebook.com\/epicoagenciaoficial\",\"https:\/\/www.instagram.com\/epicoagenciaoficial\/\"]}]}<\/script>\n<!-- \/ Yoast SEO plugin. -->","yoast_head_json":{"title":"Marketing 360\u00ba - \u00c9pico Ag\u00eancia","robots":{"index":"index","follow":"follow","max-snippet":"max-snippet:-1","max-image-preview":"max-image-preview:large","max-video-preview":"max-video-preview:-1"},"canonical":"https:\/\/epicoagencia.com.br\/index.php\/marketing-360o\/","og_locale":"pt_BR","og_type":"article","og_title":"Marketing 360\u00ba - \u00c9pico Ag\u00eancia","og_description":"Marketing 360\u00ba Sua estrat\u00e9gia completa em diversos canais Uma abordagem abrangente de marketing No cen\u00e1rio competitivo atual, ter uma abordagem abrangente de marketing \u00e9 essencial para o crescimento e o alcance de resultados excepcionais. O Marketing 360 \u00e9 a solu\u00e7\u00e3o perfeita para empresas que desejam alcan\u00e7ar o m\u00e1ximo potencial em sua estrat\u00e9gia de marketing. O...","og_url":"https:\/\/epicoagencia.com.br\/index.php\/marketing-360o\/","og_site_name":"\u00c9pico Ag\u00eancia","article_publisher":"https:\/\/www.facebook.com\/epicoagenciaoficial","article_modified_time":"2023-06-19T04:15:43+00:00","og_image":[{"url":"https:\/\/epicoagencia.com.br\/wp-content\/uploads\/2023\/06\/MARKETING_360_-_EPICO-removebg-preview-e1687147435850.png"}],"twitter_card":"summary_large_image","twitter_misc":{"Est. tempo de leitura":"3 minutos"},"schema":{"@context":"https:\/\/schema.org","@graph":[{"@type":"WebPage","@id":"https:\/\/epicoagencia.com.br\/index.php\/marketing-360o\/","url":"https:\/\/epicoagencia.com.br\/index.php\/marketing-360o\/","name":"Marketing 360\u00ba - \u00c9pico Ag\u00eancia","isPartOf":{"@id":"https:\/\/epicoagencia.com.br\/#website"},"datePublished":"2023-06-19T04:00:01+00:00","dateModified":"2023-06-19T04:15:43+00:00","breadcrumb":{"@id":"https:\/\/epicoagencia.com.br\/index.php\/marketing-360o\/#breadcrumb"},"inLanguage":"pt-BR","potentialAction":[{"@type":"ReadAction","target":["https:\/\/epicoagencia.com.br\/index.php\/marketing-360o\/"]}]},{"@type":"BreadcrumbList","@id":"https:\/\/epicoagencia.com.br\/index.php\/marketing-360o\/#breadcrumb","itemListElement":[{"@type":"ListItem","position":1,"name":"In\u00edcio","item":"https:\/\/epicoagencia.com.br\/"},{"@type":"ListItem","position":2,"name":"Marketing 360\u00ba"}]},{"@type":"WebSite","@id":"https:\/\/epicoagencia.com.br\/#website","url":"https:\/\/epicoagencia.com.br\/","name":"\u00c9pico Ag\u00eancia","description":"Uma ag\u00eancia que entende de gente!","publisher":{"@id":"https:\/\/epicoagencia.com.br\/#organization"},"potentialAction":[{"@type":"SearchAction","target":{"@type":"EntryPoint","urlTemplate":"https:\/\/epicoagencia.com.br\/?s={search_term_string}"},"query-input":"required name=search_term_string"}],"inLanguage":"pt-BR"},{"@type":"Organization","@id":"https:\/\/epicoagencia.com.br\/#organization","name":"\u00c9pico Ag\u00eancia","url":"https:\/\/epicoagencia.com.br\/","logo":{"@type":"ImageObject","inLanguage":"pt-BR","@id":"https:\/\/epicoagencia.com.br\/#\/schema\/logo\/image\/","url":"https:\/\/epicoagencia.com.br\/wp-content\/uploads\/2023\/05\/Logotipo-Agencia-Epico-e1684367971845.png","contentUrl":"https:\/\/epicoagencia.com.br\/wp-content\/uploads\/2023\/05\/Logotipo-Agencia-Epico-e1684367971845.png","width":766,"height":299,"caption":"\u00c9pico Ag\u00eancia"},"image":{"@id":"https:\/\/epicoagencia.com.br\/#\/schema\/logo\/image\/"},"sameAs":["https:\/\/www.facebook.com\/epicoagenciaoficial","https:\/\/www.instagram.com\/epicoagenciaoficial\/"]}]}},"_links":{"self":[{"href":"https:\/\/epicoagencia.com.br\/index.php\/wp-json\/wp\/v2\/pages\/2339"}],"collection":[{"href":"https:\/\/epicoagencia.com.br\/index.php\/wp-json\/wp\/v2\/pages"}],"about":[{"href":"https:\/\/epicoagencia.com.br\/index.php\/wp-json\/wp\/v2\/types\/page"}],"author":[{"embeddable":true,"href":"https:\/\/epicoagencia.com.br\/index.php\/wp-json\/wp\/v2\/users\/1"}],"replies":[{"embeddable":true,"href":"https:\/\/epicoagencia.com.br\/index.php\/wp-json\/wp\/v2\/comments?post=2339"}],"version-history":[{"count":19,"href":"https:\/\/epicoagencia.com.br\/index.php\/wp-json\/wp\/v2\/pages\/2339\/revisions"}],"predecessor-version":[{"id":2361,"href":"https:\/\/epicoagencia.com.br\/index.php\/wp-json\/wp\/v2\/pages\/2339\/revisions\/2361"}],"wp:attachment":[{"href":"https:\/\/epicoagencia.com.br\/index.php\/wp-json\/wp\/v2\/media?parent=2339"}],"curies":[{"name":"wp","href":"https:\/\/api.w.org\/{rel}","templated":true}]}}