{"id":1459,"date":"2023-05-18T02:09:15","date_gmt":"2023-05-18T05:09:15","guid":{"rendered":"https:\/\/epicoagencia.com.br\/?page_id=1459"},"modified":"2023-05-19T15:20:44","modified_gmt":"2023-05-19T18:20:44","slug":"consultoria-de-marketing-e-branding","status":"publish","type":"page","link":"https:\/\/epicoagencia.com.br\/index.php\/consultoria-de-marketing-e-branding\/","title":{"rendered":"Consultoria de Marketing e Branding"},"content":{"rendered":"\t\t<div data-elementor-type=\"wp-page\" data-elementor-id=\"1459\" class=\"elementor elementor-1459\">\n\t\t\t\t\t\t\t\t\t<section class=\"elementor-section elementor-top-section elementor-element elementor-element-6ee9107 elementor-section-boxed elementor-section-height-default elementor-section-height-default\" data-id=\"6ee9107\" data-element_type=\"section\" data-settings=\"{&quot;background_background&quot;:&quot;classic&quot;}\">\n\t\t\t\t\t\t<div class=\"elementor-container elementor-column-gap-default\">\n\t\t\t\t\t<div class=\"elementor-column elementor-col-50 elementor-top-column elementor-element elementor-element-1205d8f\" data-id=\"1205d8f\" data-element_type=\"column\">\n\t\t\t<div class=\"elementor-widget-wrap elementor-element-populated\">\n\t\t\t\t\t\t\t\t<div class=\"elementor-element elementor-element-9d6cf1c elementor-invisible elementor-widget elementor-widget-heading\" data-id=\"9d6cf1c\" data-element_type=\"widget\" data-settings=\"{&quot;_animation&quot;:&quot;fadeInLeft&quot;}\" data-widget_type=\"heading.default\">\n\t\t\t\t<div class=\"elementor-widget-container\">\n\t\t\t<style>\/*! elementor - v3.14.0 - 26-06-2023 *\/\n.elementor-heading-title{padding:0;margin:0;line-height:1}.elementor-widget-heading .elementor-heading-title[class*=elementor-size-]>a{color:inherit;font-size:inherit;line-height:inherit}.elementor-widget-heading .elementor-heading-title.elementor-size-small{font-size:15px}.elementor-widget-heading .elementor-heading-title.elementor-size-medium{font-size:19px}.elementor-widget-heading .elementor-heading-title.elementor-size-large{font-size:29px}.elementor-widget-heading .elementor-heading-title.elementor-size-xl{font-size:39px}.elementor-widget-heading .elementor-heading-title.elementor-size-xxl{font-size:59px}<\/style><h2 class=\"elementor-heading-title elementor-size-default\">Consultoria de Marketing e Branding<\/h2>\t\t<\/div>\n\t\t\t\t<\/div>\n\t\t\t\t<div class=\"elementor-element elementor-element-005d971 elementor-invisible elementor-widget elementor-widget-heading\" data-id=\"005d971\" data-element_type=\"widget\" data-settings=\"{&quot;_animation&quot;:&quot;fadeInLeft&quot;}\" data-widget_type=\"heading.default\">\n\t\t\t\t<div class=\"elementor-widget-container\">\n\t\t\t<p class=\"elementor-heading-title elementor-size-default\">Em uma \u00e9poca de produtos muito \u201dsemelhantes\u201d e comunica\u00e7\u00f5es\ninstant\u00e2neas, acompanhar a concorr\u00eancia n\u00e3o \u00e9 mais uma\nestrat\u00e9gia de sucesso.\n<\/p>\t\t<\/div>\n\t\t\t\t<\/div>\n\t\t\t\t<div class=\"elementor-element elementor-element-362f755 elementor-invisible elementor-widget elementor-widget-heading\" data-id=\"362f755\" data-element_type=\"widget\" data-settings=\"{&quot;_animation&quot;:&quot;fadeInLeft&quot;}\" data-widget_type=\"heading.default\">\n\t\t\t\t<div class=\"elementor-widget-container\">\n\t\t\t<p class=\"elementor-heading-title elementor-size-default\">Atualmente, devemos antecipar e superar a posi\u00e7\u00e3o estrat\u00e9gica e\no design dos concorrentes atrav\u00e9s de campanhas de branding.\nNossos projetos de branding v\u00e3o muito al\u00e9m do desenvolvimento\nde um logo.<\/p>\t\t<\/div>\n\t\t\t\t<\/div>\n\t\t\t\t<div class=\"elementor-element elementor-element-1a4d6c5 elementor-invisible elementor-widget elementor-widget-heading\" data-id=\"1a4d6c5\" data-element_type=\"widget\" data-settings=\"{&quot;_animation&quot;:&quot;fadeInLeft&quot;}\" data-widget_type=\"heading.default\">\n\t\t\t\t<div class=\"elementor-widget-container\">\n\t\t\t<p class=\"elementor-heading-title elementor-size-default\">Uma campanha de branding pode ter escopos variados,\nabrangendo desde a cria\u00e7\u00e3o da marca, logo, identidade visual,\nplanejamento e execu\u00e7\u00e3o das a\u00e7\u00f5es de lan\u00e7amento, fideliza\u00e7\u00e3o\nou reposicionamento. O brand deve ser criado para refletir o DNA,\nconceitos e valores.<\/p>\t\t<\/div>\n\t\t\t\t<\/div>\n\t\t\t\t<div class=\"elementor-element elementor-element-546124f elementor-mobile-align-center elementor-invisible elementor-widget elementor-widget-button\" data-id=\"546124f\" data-element_type=\"widget\" data-settings=\"{&quot;_animation&quot;:&quot;fadeInLeft&quot;}\" data-widget_type=\"button.default\">\n\t\t\t\t<div class=\"elementor-widget-container\">\n\t\t\t\t\t<div class=\"elementor-button-wrapper\">\n\t\t\t<a class=\"elementor-button elementor-button-link elementor-size-sm elementor-animation-grow\" href=\"https:\/\/api.whatsapp.com\/send?phone=558198427212\">\n\t\t\t\t\t\t<span class=\"elementor-button-content-wrapper\">\n\t\t\t\t\t\t<span class=\"elementor-button-icon elementor-align-icon-left\">\n\t\t\t\t<i aria-hidden=\"true\" class=\"fas fa-long-arrow-alt-right\"><\/i>\t\t\t<\/span>\n\t\t\t\t\t\t<span class=\"elementor-button-text\">Solicite um or\u00e7amento<\/span>\n\t\t<\/span>\n\t\t\t\t\t<\/a>\n\t\t<\/div>\n\t\t\t\t<\/div>\n\t\t\t\t<\/div>\n\t\t\t\t\t<\/div>\n\t\t<\/div>\n\t\t\t\t<div class=\"elementor-column elementor-col-50 elementor-top-column elementor-element elementor-element-c8dd5f0\" data-id=\"c8dd5f0\" data-element_type=\"column\">\n\t\t\t<div class=\"elementor-widget-wrap elementor-element-populated\">\n\t\t\t\t\t\t\t\t<div class=\"elementor-element elementor-element-2a01216 elementor-invisible elementor-widget elementor-widget-image\" data-id=\"2a01216\" data-element_type=\"widget\" data-settings=\"{&quot;_animation&quot;:&quot;fadeInRight&quot;}\" data-widget_type=\"image.default\">\n\t\t\t\t<div class=\"elementor-widget-container\">\n\t\t\t<style>\/*! elementor - v3.14.0 - 26-06-2023 *\/\n.elementor-widget-image{text-align:center}.elementor-widget-image a{display:inline-block}.elementor-widget-image a img[src$=\".svg\"]{width:48px}.elementor-widget-image img{vertical-align:middle;display:inline-block}<\/style>\t\t\t\t\t\t\t\t\t\t\t\t<img decoding=\"async\" width=\"1080\" height=\"1080\" src=\"https:\/\/epicoagencia.com.br\/wp-content\/uploads\/2023\/05\/Design-sem-nome-2023-05-19T152010.234-1.png\" class=\"attachment-full size-full wp-image-1583\" alt=\"\" loading=\"lazy\" srcset=\"https:\/\/epicoagencia.com.br\/wp-content\/uploads\/2023\/05\/Design-sem-nome-2023-05-19T152010.234-1.png 1080w, https:\/\/epicoagencia.com.br\/wp-content\/uploads\/2023\/05\/Design-sem-nome-2023-05-19T152010.234-1-300x300.png 300w, https:\/\/epicoagencia.com.br\/wp-content\/uploads\/2023\/05\/Design-sem-nome-2023-05-19T152010.234-1-1024x1024.png 1024w, https:\/\/epicoagencia.com.br\/wp-content\/uploads\/2023\/05\/Design-sem-nome-2023-05-19T152010.234-1-150x150.png 150w, https:\/\/epicoagencia.com.br\/wp-content\/uploads\/2023\/05\/Design-sem-nome-2023-05-19T152010.234-1-768x768.png 768w, https:\/\/epicoagencia.com.br\/wp-content\/uploads\/2023\/05\/Design-sem-nome-2023-05-19T152010.234-1-800x800.png 800w, https:\/\/epicoagencia.com.br\/wp-content\/uploads\/2023\/05\/Design-sem-nome-2023-05-19T152010.234-1-700x700.png 700w, https:\/\/epicoagencia.com.br\/wp-content\/uploads\/2023\/05\/Design-sem-nome-2023-05-19T152010.234-1-100x100.png 100w\" sizes=\"(max-width: 1080px) 100vw, 1080px\" \/>\t\t\t\t\t\t\t\t\t\t\t\t\t\t\t<\/div>\n\t\t\t\t<\/div>\n\t\t\t\t\t<\/div>\n\t\t<\/div>\n\t\t\t\t\t\t\t<\/div>\n\t\t<\/section>\n\t\t\t\t\t\t\t<\/div>\n\t\t","protected":false},"excerpt":{"rendered":"<p>Consultoria de Marketing e Branding Em uma \u00e9poca de produtos muito \u201dsemelhantes\u201d e comunica\u00e7\u00f5es instant\u00e2neas, acompanhar a concorr\u00eancia n\u00e3o \u00e9 mais uma estrat\u00e9gia de sucesso. Atualmente, devemos antecipar e superar a posi\u00e7\u00e3o estrat\u00e9gica e o design dos concorrentes atrav\u00e9s de campanhas de branding. Nossos projetos de branding v\u00e3o muito al\u00e9m do desenvolvimento de um logo&#8230;.<\/p>\n","protected":false},"author":1,"featured_media":0,"parent":0,"menu_order":0,"comment_status":"closed","ping_status":"closed","template":"","meta":{"_kad_post_transparent":"","_kad_post_title":"hide","_kad_post_layout":"fullwidth","_kad_post_sidebar_id":"","_kad_post_content_style":"unboxed","_kad_post_vertical_padding":"hide","_kad_post_feature":"hide","_kad_post_feature_position":"","_kad_post_header":false,"_kad_post_footer":false,"_joinchat":[]},"yoast_head":"<!-- This site is optimized with the Yoast SEO plugin v20.10 - https:\/\/yoast.com\/wordpress\/plugins\/seo\/ -->\n<title>Consultoria de Marketing e Branding - \u00c9pico Ag\u00eancia<\/title>\n<meta name=\"robots\" content=\"index, follow, max-snippet:-1, max-image-preview:large, max-video-preview:-1\" \/>\n<link rel=\"canonical\" href=\"https:\/\/epicoagencia.com.br\/index.php\/consultoria-de-marketing-e-branding\/\" \/>\n<meta property=\"og:locale\" content=\"pt_BR\" \/>\n<meta property=\"og:type\" content=\"article\" \/>\n<meta property=\"og:title\" content=\"Consultoria de Marketing e Branding - \u00c9pico Ag\u00eancia\" \/>\n<meta property=\"og:description\" content=\"Consultoria de Marketing e Branding Em uma \u00e9poca de produtos muito \u201dsemelhantes\u201d e comunica\u00e7\u00f5es instant\u00e2neas, acompanhar a concorr\u00eancia n\u00e3o \u00e9 mais uma estrat\u00e9gia de sucesso. Atualmente, devemos antecipar e superar a posi\u00e7\u00e3o estrat\u00e9gica e o design dos concorrentes atrav\u00e9s de campanhas de branding. Nossos projetos de branding v\u00e3o muito al\u00e9m do desenvolvimento de um logo....\" \/>\n<meta property=\"og:url\" content=\"https:\/\/epicoagencia.com.br\/index.php\/consultoria-de-marketing-e-branding\/\" \/>\n<meta property=\"og:site_name\" content=\"\u00c9pico Ag\u00eancia\" \/>\n<meta property=\"article:publisher\" content=\"https:\/\/www.facebook.com\/epicoagenciaoficial\" \/>\n<meta property=\"article:modified_time\" content=\"2023-05-19T18:20:44+00:00\" \/>\n<meta property=\"og:image\" content=\"https:\/\/epicoagencia.com.br\/wp-content\/uploads\/2023\/05\/Design-sem-nome-2023-05-19T152010.234-1.png\" \/>\n<meta name=\"twitter:card\" content=\"summary_large_image\" \/>\n<meta name=\"twitter:label1\" content=\"Est. tempo de leitura\" \/>\n\t<meta name=\"twitter:data1\" content=\"1 minuto\" \/>\n<script type=\"application\/ld+json\" class=\"yoast-schema-graph\">{\"@context\":\"https:\/\/schema.org\",\"@graph\":[{\"@type\":\"WebPage\",\"@id\":\"https:\/\/epicoagencia.com.br\/index.php\/consultoria-de-marketing-e-branding\/\",\"url\":\"https:\/\/epicoagencia.com.br\/index.php\/consultoria-de-marketing-e-branding\/\",\"name\":\"Consultoria de Marketing e Branding - \u00c9pico Ag\u00eancia\",\"isPartOf\":{\"@id\":\"https:\/\/epicoagencia.com.br\/#website\"},\"datePublished\":\"2023-05-18T05:09:15+00:00\",\"dateModified\":\"2023-05-19T18:20:44+00:00\",\"breadcrumb\":{\"@id\":\"https:\/\/epicoagencia.com.br\/index.php\/consultoria-de-marketing-e-branding\/#breadcrumb\"},\"inLanguage\":\"pt-BR\",\"potentialAction\":[{\"@type\":\"ReadAction\",\"target\":[\"https:\/\/epicoagencia.com.br\/index.php\/consultoria-de-marketing-e-branding\/\"]}]},{\"@type\":\"BreadcrumbList\",\"@id\":\"https:\/\/epicoagencia.com.br\/index.php\/consultoria-de-marketing-e-branding\/#breadcrumb\",\"itemListElement\":[{\"@type\":\"ListItem\",\"position\":1,\"name\":\"In\u00edcio\",\"item\":\"https:\/\/epicoagencia.com.br\/\"},{\"@type\":\"ListItem\",\"position\":2,\"name\":\"Consultoria de Marketing e Branding\"}]},{\"@type\":\"WebSite\",\"@id\":\"https:\/\/epicoagencia.com.br\/#website\",\"url\":\"https:\/\/epicoagencia.com.br\/\",\"name\":\"\u00c9pico Ag\u00eancia\",\"description\":\"Uma ag\u00eancia que entende de gente!\",\"publisher\":{\"@id\":\"https:\/\/epicoagencia.com.br\/#organization\"},\"potentialAction\":[{\"@type\":\"SearchAction\",\"target\":{\"@type\":\"EntryPoint\",\"urlTemplate\":\"https:\/\/epicoagencia.com.br\/?s={search_term_string}\"},\"query-input\":\"required name=search_term_string\"}],\"inLanguage\":\"pt-BR\"},{\"@type\":\"Organization\",\"@id\":\"https:\/\/epicoagencia.com.br\/#organization\",\"name\":\"\u00c9pico Ag\u00eancia\",\"url\":\"https:\/\/epicoagencia.com.br\/\",\"logo\":{\"@type\":\"ImageObject\",\"inLanguage\":\"pt-BR\",\"@id\":\"https:\/\/epicoagencia.com.br\/#\/schema\/logo\/image\/\",\"url\":\"https:\/\/epicoagencia.com.br\/wp-content\/uploads\/2023\/05\/Logotipo-Agencia-Epico-e1684367971845.png\",\"contentUrl\":\"https:\/\/epicoagencia.com.br\/wp-content\/uploads\/2023\/05\/Logotipo-Agencia-Epico-e1684367971845.png\",\"width\":766,\"height\":299,\"caption\":\"\u00c9pico Ag\u00eancia\"},\"image\":{\"@id\":\"https:\/\/epicoagencia.com.br\/#\/schema\/logo\/image\/\"},\"sameAs\":[\"https:\/\/www.facebook.com\/epicoagenciaoficial\",\"https:\/\/www.instagram.com\/epicoagenciaoficial\/\"]}]}<\/script>\n<!-- \/ Yoast SEO plugin. -->","yoast_head_json":{"title":"Consultoria de Marketing e Branding - \u00c9pico Ag\u00eancia","robots":{"index":"index","follow":"follow","max-snippet":"max-snippet:-1","max-image-preview":"max-image-preview:large","max-video-preview":"max-video-preview:-1"},"canonical":"https:\/\/epicoagencia.com.br\/index.php\/consultoria-de-marketing-e-branding\/","og_locale":"pt_BR","og_type":"article","og_title":"Consultoria de Marketing e Branding - \u00c9pico Ag\u00eancia","og_description":"Consultoria de Marketing e Branding Em uma \u00e9poca de produtos muito \u201dsemelhantes\u201d e comunica\u00e7\u00f5es instant\u00e2neas, acompanhar a concorr\u00eancia n\u00e3o \u00e9 mais uma estrat\u00e9gia de sucesso. Atualmente, devemos antecipar e superar a posi\u00e7\u00e3o estrat\u00e9gica e o design dos concorrentes atrav\u00e9s de campanhas de branding. Nossos projetos de branding v\u00e3o muito al\u00e9m do desenvolvimento de um logo....","og_url":"https:\/\/epicoagencia.com.br\/index.php\/consultoria-de-marketing-e-branding\/","og_site_name":"\u00c9pico Ag\u00eancia","article_publisher":"https:\/\/www.facebook.com\/epicoagenciaoficial","article_modified_time":"2023-05-19T18:20:44+00:00","og_image":[{"url":"https:\/\/epicoagencia.com.br\/wp-content\/uploads\/2023\/05\/Design-sem-nome-2023-05-19T152010.234-1.png"}],"twitter_card":"summary_large_image","twitter_misc":{"Est. tempo de leitura":"1 minuto"},"schema":{"@context":"https:\/\/schema.org","@graph":[{"@type":"WebPage","@id":"https:\/\/epicoagencia.com.br\/index.php\/consultoria-de-marketing-e-branding\/","url":"https:\/\/epicoagencia.com.br\/index.php\/consultoria-de-marketing-e-branding\/","name":"Consultoria de Marketing e Branding - \u00c9pico Ag\u00eancia","isPartOf":{"@id":"https:\/\/epicoagencia.com.br\/#website"},"datePublished":"2023-05-18T05:09:15+00:00","dateModified":"2023-05-19T18:20:44+00:00","breadcrumb":{"@id":"https:\/\/epicoagencia.com.br\/index.php\/consultoria-de-marketing-e-branding\/#breadcrumb"},"inLanguage":"pt-BR","potentialAction":[{"@type":"ReadAction","target":["https:\/\/epicoagencia.com.br\/index.php\/consultoria-de-marketing-e-branding\/"]}]},{"@type":"BreadcrumbList","@id":"https:\/\/epicoagencia.com.br\/index.php\/consultoria-de-marketing-e-branding\/#breadcrumb","itemListElement":[{"@type":"ListItem","position":1,"name":"In\u00edcio","item":"https:\/\/epicoagencia.com.br\/"},{"@type":"ListItem","position":2,"name":"Consultoria de Marketing e Branding"}]},{"@type":"WebSite","@id":"https:\/\/epicoagencia.com.br\/#website","url":"https:\/\/epicoagencia.com.br\/","name":"\u00c9pico Ag\u00eancia","description":"Uma ag\u00eancia que entende de gente!","publisher":{"@id":"https:\/\/epicoagencia.com.br\/#organization"},"potentialAction":[{"@type":"SearchAction","target":{"@type":"EntryPoint","urlTemplate":"https:\/\/epicoagencia.com.br\/?s={search_term_string}"},"query-input":"required name=search_term_string"}],"inLanguage":"pt-BR"},{"@type":"Organization","@id":"https:\/\/epicoagencia.com.br\/#organization","name":"\u00c9pico Ag\u00eancia","url":"https:\/\/epicoagencia.com.br\/","logo":{"@type":"ImageObject","inLanguage":"pt-BR","@id":"https:\/\/epicoagencia.com.br\/#\/schema\/logo\/image\/","url":"https:\/\/epicoagencia.com.br\/wp-content\/uploads\/2023\/05\/Logotipo-Agencia-Epico-e1684367971845.png","contentUrl":"https:\/\/epicoagencia.com.br\/wp-content\/uploads\/2023\/05\/Logotipo-Agencia-Epico-e1684367971845.png","width":766,"height":299,"caption":"\u00c9pico Ag\u00eancia"},"image":{"@id":"https:\/\/epicoagencia.com.br\/#\/schema\/logo\/image\/"},"sameAs":["https:\/\/www.facebook.com\/epicoagenciaoficial","https:\/\/www.instagram.com\/epicoagenciaoficial\/"]}]}},"_links":{"self":[{"href":"https:\/\/epicoagencia.com.br\/index.php\/wp-json\/wp\/v2\/pages\/1459"}],"collection":[{"href":"https:\/\/epicoagencia.com.br\/index.php\/wp-json\/wp\/v2\/pages"}],"about":[{"href":"https:\/\/epicoagencia.com.br\/index.php\/wp-json\/wp\/v2\/types\/page"}],"author":[{"embeddable":true,"href":"https:\/\/epicoagencia.com.br\/index.php\/wp-json\/wp\/v2\/users\/1"}],"replies":[{"embeddable":true,"href":"https:\/\/epicoagencia.com.br\/index.php\/wp-json\/wp\/v2\/comments?post=1459"}],"version-history":[{"count":10,"href":"https:\/\/epicoagencia.com.br\/index.php\/wp-json\/wp\/v2\/pages\/1459\/revisions"}],"predecessor-version":[{"id":1586,"href":"https:\/\/epicoagencia.com.br\/index.php\/wp-json\/wp\/v2\/pages\/1459\/revisions\/1586"}],"wp:attachment":[{"href":"https:\/\/epicoagencia.com.br\/index.php\/wp-json\/wp\/v2\/media?parent=1459"}],"curies":[{"name":"wp","href":"https:\/\/api.w.org\/{rel}","templated":true}]}}