{"id":1453,"date":"2023-05-18T02:06:25","date_gmt":"2023-05-18T05:06:25","guid":{"rendered":"https:\/\/epicoagencia.com.br\/?page_id=1453"},"modified":"2023-05-19T15:08:36","modified_gmt":"2023-05-19T18:08:36","slug":"otimizacao-para-mecanismos-de-buscaseo","status":"publish","type":"page","link":"https:\/\/epicoagencia.com.br\/index.php\/otimizacao-para-mecanismos-de-buscaseo\/","title":{"rendered":"Otimiza\u00e7\u00e3o para mecanismos de busca(SEO)"},"content":{"rendered":"\t\t<div data-elementor-type=\"wp-page\" data-elementor-id=\"1453\" class=\"elementor elementor-1453\">\n\t\t\t\t\t\t\t\t\t<section class=\"elementor-section elementor-top-section elementor-element elementor-element-e476337 elementor-section-boxed elementor-section-height-default elementor-section-height-default\" data-id=\"e476337\" data-element_type=\"section\" data-settings=\"{&quot;background_background&quot;:&quot;classic&quot;}\">\n\t\t\t\t\t\t<div class=\"elementor-container elementor-column-gap-default\">\n\t\t\t\t\t<div class=\"elementor-column elementor-col-50 elementor-top-column elementor-element elementor-element-3087edd\" data-id=\"3087edd\" data-element_type=\"column\">\n\t\t\t<div class=\"elementor-widget-wrap elementor-element-populated\">\n\t\t\t\t\t\t\t\t<div class=\"elementor-element elementor-element-7424494 elementor-invisible elementor-widget elementor-widget-heading\" data-id=\"7424494\" data-element_type=\"widget\" data-settings=\"{&quot;_animation&quot;:&quot;fadeInLeft&quot;}\" data-widget_type=\"heading.default\">\n\t\t\t\t<div class=\"elementor-widget-container\">\n\t\t\t<style>\/*! elementor - v3.14.0 - 26-06-2023 *\/\n.elementor-heading-title{padding:0;margin:0;line-height:1}.elementor-widget-heading .elementor-heading-title[class*=elementor-size-]>a{color:inherit;font-size:inherit;line-height:inherit}.elementor-widget-heading .elementor-heading-title.elementor-size-small{font-size:15px}.elementor-widget-heading .elementor-heading-title.elementor-size-medium{font-size:19px}.elementor-widget-heading .elementor-heading-title.elementor-size-large{font-size:29px}.elementor-widget-heading .elementor-heading-title.elementor-size-xl{font-size:39px}.elementor-widget-heading .elementor-heading-title.elementor-size-xxl{font-size:59px}<\/style><h2 class=\"elementor-heading-title elementor-size-default\">Otimiza\u00e7\u00e3o para mecanismos de busca (SEO)<\/h2>\t\t<\/div>\n\t\t\t\t<\/div>\n\t\t\t\t<div class=\"elementor-element elementor-element-28c2f2d elementor-invisible elementor-widget elementor-widget-heading\" data-id=\"28c2f2d\" data-element_type=\"widget\" data-settings=\"{&quot;_animation&quot;:&quot;fadeInLeft&quot;}\" data-widget_type=\"heading.default\">\n\t\t\t\t<div class=\"elementor-widget-container\">\n\t\t\t<p class=\"elementor-heading-title elementor-size-default\">A performance do seu site nos buscadores impacta\ndiretamente sobre sua reputa\u00e7\u00e3o, seu alcance e,\nprincipalmente, suas vendas.<\/p>\t\t<\/div>\n\t\t\t\t<\/div>\n\t\t\t\t<div class=\"elementor-element elementor-element-48d13a2 elementor-invisible elementor-widget elementor-widget-heading\" data-id=\"48d13a2\" data-element_type=\"widget\" data-settings=\"{&quot;_animation&quot;:&quot;fadeInLeft&quot;}\" data-widget_type=\"heading.default\">\n\t\t\t\t<div class=\"elementor-widget-container\">\n\t\t\t<p class=\"elementor-heading-title elementor-size-default\">Um site n\u00e3o otimizado para SEO tem um limite de onde pode\nchegar e isso \u00e9 um problema. Investir em atualiza\u00e7\u00f5es\nconstantes de estrutura, seguir as boas pr\u00e1ticas e pensar na\nexperi\u00eancia do usu\u00e1rio s\u00e3o passos essenciais, mas s\u00f3\nfuncionam se forem identificados, conduzidos, executados e\nmedidos da forma correta.<\/p>\t\t<\/div>\n\t\t\t\t<\/div>\n\t\t\t\t<div class=\"elementor-element elementor-element-3cf0beb elementor-invisible elementor-widget elementor-widget-heading\" data-id=\"3cf0beb\" data-element_type=\"widget\" data-settings=\"{&quot;_animation&quot;:&quot;fadeInLeft&quot;}\" data-widget_type=\"heading.default\">\n\t\t\t\t<div class=\"elementor-widget-container\">\n\t\t\t<p class=\"elementor-heading-title elementor-size-default\">A \u00c9pico Ag\u00eancia est\u00e1 pronta para te ajudar.<\/p>\t\t<\/div>\n\t\t\t\t<\/div>\n\t\t\t\t<div class=\"elementor-element elementor-element-dca0635 elementor-mobile-align-center elementor-invisible elementor-widget elementor-widget-button\" data-id=\"dca0635\" data-element_type=\"widget\" data-settings=\"{&quot;_animation&quot;:&quot;fadeInLeft&quot;}\" data-widget_type=\"button.default\">\n\t\t\t\t<div class=\"elementor-widget-container\">\n\t\t\t\t\t<div class=\"elementor-button-wrapper\">\n\t\t\t<a class=\"elementor-button elementor-button-link elementor-size-sm elementor-animation-grow\" href=\"https:\/\/api.whatsapp.com\/send?phone=558198427212\">\n\t\t\t\t\t\t<span class=\"elementor-button-content-wrapper\">\n\t\t\t\t\t\t<span class=\"elementor-button-icon elementor-align-icon-left\">\n\t\t\t\t<i aria-hidden=\"true\" class=\"fas fa-long-arrow-alt-right\"><\/i>\t\t\t<\/span>\n\t\t\t\t\t\t<span class=\"elementor-button-text\">Solicite um or\u00e7amento<\/span>\n\t\t<\/span>\n\t\t\t\t\t<\/a>\n\t\t<\/div>\n\t\t\t\t<\/div>\n\t\t\t\t<\/div>\n\t\t\t\t\t<\/div>\n\t\t<\/div>\n\t\t\t\t<div class=\"elementor-column elementor-col-50 elementor-top-column elementor-element elementor-element-1f12c7f\" data-id=\"1f12c7f\" data-element_type=\"column\">\n\t\t\t<div class=\"elementor-widget-wrap elementor-element-populated\">\n\t\t\t\t\t\t\t\t<div class=\"elementor-element elementor-element-cbddf61 elementor-invisible elementor-widget elementor-widget-image\" data-id=\"cbddf61\" data-element_type=\"widget\" data-settings=\"{&quot;_animation&quot;:&quot;fadeInRight&quot;}\" data-widget_type=\"image.default\">\n\t\t\t\t<div class=\"elementor-widget-container\">\n\t\t\t<style>\/*! elementor - v3.14.0 - 26-06-2023 *\/\n.elementor-widget-image{text-align:center}.elementor-widget-image a{display:inline-block}.elementor-widget-image a img[src$=\".svg\"]{width:48px}.elementor-widget-image img{vertical-align:middle;display:inline-block}<\/style>\t\t\t\t\t\t\t\t\t\t\t\t<img decoding=\"async\" width=\"1080\" height=\"780\" src=\"https:\/\/epicoagencia.com.br\/wp-content\/uploads\/2023\/05\/Design-sem-nome-2023-05-19T150531.938-1-e1684519566678.png\" class=\"attachment-full size-full wp-image-1538\" alt=\"\" loading=\"lazy\" srcset=\"https:\/\/epicoagencia.com.br\/wp-content\/uploads\/2023\/05\/Design-sem-nome-2023-05-19T150531.938-1-e1684519566678.png 1080w, https:\/\/epicoagencia.com.br\/wp-content\/uploads\/2023\/05\/Design-sem-nome-2023-05-19T150531.938-1-e1684519566678-300x217.png 300w, https:\/\/epicoagencia.com.br\/wp-content\/uploads\/2023\/05\/Design-sem-nome-2023-05-19T150531.938-1-e1684519566678-1024x740.png 1024w, https:\/\/epicoagencia.com.br\/wp-content\/uploads\/2023\/05\/Design-sem-nome-2023-05-19T150531.938-1-e1684519566678-768x555.png 768w, https:\/\/epicoagencia.com.br\/wp-content\/uploads\/2023\/05\/Design-sem-nome-2023-05-19T150531.938-1-e1684519566678-700x506.png 700w\" sizes=\"(max-width: 1080px) 100vw, 1080px\" \/>\t\t\t\t\t\t\t\t\t\t\t\t\t\t\t<\/div>\n\t\t\t\t<\/div>\n\t\t\t\t\t<\/div>\n\t\t<\/div>\n\t\t\t\t\t\t\t<\/div>\n\t\t<\/section>\n\t\t\t\t\t\t\t<\/div>\n\t\t","protected":false},"excerpt":{"rendered":"<p>Otimiza\u00e7\u00e3o para mecanismos de busca (SEO) A performance do seu site nos buscadores impacta diretamente sobre sua reputa\u00e7\u00e3o, seu alcance e, principalmente, suas vendas. Um site n\u00e3o otimizado para SEO tem um limite de onde pode chegar e isso \u00e9 um problema. Investir em atualiza\u00e7\u00f5es constantes de estrutura, seguir as boas pr\u00e1ticas e pensar na&#8230;<\/p>\n","protected":false},"author":1,"featured_media":0,"parent":0,"menu_order":0,"comment_status":"closed","ping_status":"closed","template":"","meta":{"_kad_post_transparent":"","_kad_post_title":"hide","_kad_post_layout":"fullwidth","_kad_post_sidebar_id":"","_kad_post_content_style":"unboxed","_kad_post_vertical_padding":"hide","_kad_post_feature":"hide","_kad_post_feature_position":"","_kad_post_header":false,"_kad_post_footer":false,"_joinchat":[]},"yoast_head":"<!-- This site is optimized with the Yoast SEO plugin v20.10 - https:\/\/yoast.com\/wordpress\/plugins\/seo\/ -->\n<title>Otimiza\u00e7\u00e3o para mecanismos de busca(SEO) - \u00c9pico Ag\u00eancia<\/title>\n<meta name=\"robots\" content=\"index, follow, max-snippet:-1, max-image-preview:large, max-video-preview:-1\" \/>\n<link rel=\"canonical\" href=\"https:\/\/epicoagencia.com.br\/index.php\/otimizacao-para-mecanismos-de-buscaseo\/\" \/>\n<meta property=\"og:locale\" content=\"pt_BR\" \/>\n<meta property=\"og:type\" content=\"article\" \/>\n<meta property=\"og:title\" content=\"Otimiza\u00e7\u00e3o para mecanismos de busca(SEO) - \u00c9pico Ag\u00eancia\" \/>\n<meta property=\"og:description\" content=\"Otimiza\u00e7\u00e3o para mecanismos de busca (SEO) A performance do seu site nos buscadores impacta diretamente sobre sua reputa\u00e7\u00e3o, seu alcance e, principalmente, suas vendas. Um site n\u00e3o otimizado para SEO tem um limite de onde pode chegar e isso \u00e9 um problema. Investir em atualiza\u00e7\u00f5es constantes de estrutura, seguir as boas pr\u00e1ticas e pensar na...\" \/>\n<meta property=\"og:url\" content=\"https:\/\/epicoagencia.com.br\/index.php\/otimizacao-para-mecanismos-de-buscaseo\/\" \/>\n<meta property=\"og:site_name\" content=\"\u00c9pico Ag\u00eancia\" \/>\n<meta property=\"article:publisher\" content=\"https:\/\/www.facebook.com\/epicoagenciaoficial\" \/>\n<meta property=\"article:modified_time\" content=\"2023-05-19T18:08:36+00:00\" \/>\n<meta property=\"og:image\" content=\"https:\/\/epicoagencia.com.br\/wp-content\/uploads\/2023\/05\/Design-sem-nome-2023-05-19T150531.938-1-e1684519566678.png\" \/>\n<meta name=\"twitter:card\" content=\"summary_large_image\" \/>\n<script type=\"application\/ld+json\" class=\"yoast-schema-graph\">{\"@context\":\"https:\/\/schema.org\",\"@graph\":[{\"@type\":\"WebPage\",\"@id\":\"https:\/\/epicoagencia.com.br\/index.php\/otimizacao-para-mecanismos-de-buscaseo\/\",\"url\":\"https:\/\/epicoagencia.com.br\/index.php\/otimizacao-para-mecanismos-de-buscaseo\/\",\"name\":\"Otimiza\u00e7\u00e3o para mecanismos de busca(SEO) - \u00c9pico Ag\u00eancia\",\"isPartOf\":{\"@id\":\"https:\/\/epicoagencia.com.br\/#website\"},\"datePublished\":\"2023-05-18T05:06:25+00:00\",\"dateModified\":\"2023-05-19T18:08:36+00:00\",\"breadcrumb\":{\"@id\":\"https:\/\/epicoagencia.com.br\/index.php\/otimizacao-para-mecanismos-de-buscaseo\/#breadcrumb\"},\"inLanguage\":\"pt-BR\",\"potentialAction\":[{\"@type\":\"ReadAction\",\"target\":[\"https:\/\/epicoagencia.com.br\/index.php\/otimizacao-para-mecanismos-de-buscaseo\/\"]}]},{\"@type\":\"BreadcrumbList\",\"@id\":\"https:\/\/epicoagencia.com.br\/index.php\/otimizacao-para-mecanismos-de-buscaseo\/#breadcrumb\",\"itemListElement\":[{\"@type\":\"ListItem\",\"position\":1,\"name\":\"In\u00edcio\",\"item\":\"https:\/\/epicoagencia.com.br\/\"},{\"@type\":\"ListItem\",\"position\":2,\"name\":\"Otimiza\u00e7\u00e3o para mecanismos de busca(SEO)\"}]},{\"@type\":\"WebSite\",\"@id\":\"https:\/\/epicoagencia.com.br\/#website\",\"url\":\"https:\/\/epicoagencia.com.br\/\",\"name\":\"\u00c9pico Ag\u00eancia\",\"description\":\"Uma ag\u00eancia que entende de gente!\",\"publisher\":{\"@id\":\"https:\/\/epicoagencia.com.br\/#organization\"},\"potentialAction\":[{\"@type\":\"SearchAction\",\"target\":{\"@type\":\"EntryPoint\",\"urlTemplate\":\"https:\/\/epicoagencia.com.br\/?s={search_term_string}\"},\"query-input\":\"required name=search_term_string\"}],\"inLanguage\":\"pt-BR\"},{\"@type\":\"Organization\",\"@id\":\"https:\/\/epicoagencia.com.br\/#organization\",\"name\":\"\u00c9pico Ag\u00eancia\",\"url\":\"https:\/\/epicoagencia.com.br\/\",\"logo\":{\"@type\":\"ImageObject\",\"inLanguage\":\"pt-BR\",\"@id\":\"https:\/\/epicoagencia.com.br\/#\/schema\/logo\/image\/\",\"url\":\"https:\/\/epicoagencia.com.br\/wp-content\/uploads\/2023\/05\/Logotipo-Agencia-Epico-e1684367971845.png\",\"contentUrl\":\"https:\/\/epicoagencia.com.br\/wp-content\/uploads\/2023\/05\/Logotipo-Agencia-Epico-e1684367971845.png\",\"width\":766,\"height\":299,\"caption\":\"\u00c9pico Ag\u00eancia\"},\"image\":{\"@id\":\"https:\/\/epicoagencia.com.br\/#\/schema\/logo\/image\/\"},\"sameAs\":[\"https:\/\/www.facebook.com\/epicoagenciaoficial\",\"https:\/\/www.instagram.com\/epicoagenciaoficial\/\"]}]}<\/script>\n<!-- \/ Yoast SEO plugin. -->","yoast_head_json":{"title":"Otimiza\u00e7\u00e3o para mecanismos de busca(SEO) - \u00c9pico Ag\u00eancia","robots":{"index":"index","follow":"follow","max-snippet":"max-snippet:-1","max-image-preview":"max-image-preview:large","max-video-preview":"max-video-preview:-1"},"canonical":"https:\/\/epicoagencia.com.br\/index.php\/otimizacao-para-mecanismos-de-buscaseo\/","og_locale":"pt_BR","og_type":"article","og_title":"Otimiza\u00e7\u00e3o para mecanismos de busca(SEO) - \u00c9pico Ag\u00eancia","og_description":"Otimiza\u00e7\u00e3o para mecanismos de busca (SEO) A performance do seu site nos buscadores impacta diretamente sobre sua reputa\u00e7\u00e3o, seu alcance e, principalmente, suas vendas. Um site n\u00e3o otimizado para SEO tem um limite de onde pode chegar e isso \u00e9 um problema. Investir em atualiza\u00e7\u00f5es constantes de estrutura, seguir as boas pr\u00e1ticas e pensar na...","og_url":"https:\/\/epicoagencia.com.br\/index.php\/otimizacao-para-mecanismos-de-buscaseo\/","og_site_name":"\u00c9pico Ag\u00eancia","article_publisher":"https:\/\/www.facebook.com\/epicoagenciaoficial","article_modified_time":"2023-05-19T18:08:36+00:00","og_image":[{"url":"https:\/\/epicoagencia.com.br\/wp-content\/uploads\/2023\/05\/Design-sem-nome-2023-05-19T150531.938-1-e1684519566678.png"}],"twitter_card":"summary_large_image","schema":{"@context":"https:\/\/schema.org","@graph":[{"@type":"WebPage","@id":"https:\/\/epicoagencia.com.br\/index.php\/otimizacao-para-mecanismos-de-buscaseo\/","url":"https:\/\/epicoagencia.com.br\/index.php\/otimizacao-para-mecanismos-de-buscaseo\/","name":"Otimiza\u00e7\u00e3o para mecanismos de busca(SEO) - \u00c9pico Ag\u00eancia","isPartOf":{"@id":"https:\/\/epicoagencia.com.br\/#website"},"datePublished":"2023-05-18T05:06:25+00:00","dateModified":"2023-05-19T18:08:36+00:00","breadcrumb":{"@id":"https:\/\/epicoagencia.com.br\/index.php\/otimizacao-para-mecanismos-de-buscaseo\/#breadcrumb"},"inLanguage":"pt-BR","potentialAction":[{"@type":"ReadAction","target":["https:\/\/epicoagencia.com.br\/index.php\/otimizacao-para-mecanismos-de-buscaseo\/"]}]},{"@type":"BreadcrumbList","@id":"https:\/\/epicoagencia.com.br\/index.php\/otimizacao-para-mecanismos-de-buscaseo\/#breadcrumb","itemListElement":[{"@type":"ListItem","position":1,"name":"In\u00edcio","item":"https:\/\/epicoagencia.com.br\/"},{"@type":"ListItem","position":2,"name":"Otimiza\u00e7\u00e3o para mecanismos de busca(SEO)"}]},{"@type":"WebSite","@id":"https:\/\/epicoagencia.com.br\/#website","url":"https:\/\/epicoagencia.com.br\/","name":"\u00c9pico Ag\u00eancia","description":"Uma ag\u00eancia que entende de gente!","publisher":{"@id":"https:\/\/epicoagencia.com.br\/#organization"},"potentialAction":[{"@type":"SearchAction","target":{"@type":"EntryPoint","urlTemplate":"https:\/\/epicoagencia.com.br\/?s={search_term_string}"},"query-input":"required name=search_term_string"}],"inLanguage":"pt-BR"},{"@type":"Organization","@id":"https:\/\/epicoagencia.com.br\/#organization","name":"\u00c9pico Ag\u00eancia","url":"https:\/\/epicoagencia.com.br\/","logo":{"@type":"ImageObject","inLanguage":"pt-BR","@id":"https:\/\/epicoagencia.com.br\/#\/schema\/logo\/image\/","url":"https:\/\/epicoagencia.com.br\/wp-content\/uploads\/2023\/05\/Logotipo-Agencia-Epico-e1684367971845.png","contentUrl":"https:\/\/epicoagencia.com.br\/wp-content\/uploads\/2023\/05\/Logotipo-Agencia-Epico-e1684367971845.png","width":766,"height":299,"caption":"\u00c9pico Ag\u00eancia"},"image":{"@id":"https:\/\/epicoagencia.com.br\/#\/schema\/logo\/image\/"},"sameAs":["https:\/\/www.facebook.com\/epicoagenciaoficial","https:\/\/www.instagram.com\/epicoagenciaoficial\/"]}]}},"_links":{"self":[{"href":"https:\/\/epicoagencia.com.br\/index.php\/wp-json\/wp\/v2\/pages\/1453"}],"collection":[{"href":"https:\/\/epicoagencia.com.br\/index.php\/wp-json\/wp\/v2\/pages"}],"about":[{"href":"https:\/\/epicoagencia.com.br\/index.php\/wp-json\/wp\/v2\/types\/page"}],"author":[{"embeddable":true,"href":"https:\/\/epicoagencia.com.br\/index.php\/wp-json\/wp\/v2\/users\/1"}],"replies":[{"embeddable":true,"href":"https:\/\/epicoagencia.com.br\/index.php\/wp-json\/wp\/v2\/comments?post=1453"}],"version-history":[{"count":25,"href":"https:\/\/epicoagencia.com.br\/index.php\/wp-json\/wp\/v2\/pages\/1453\/revisions"}],"predecessor-version":[{"id":1553,"href":"https:\/\/epicoagencia.com.br\/index.php\/wp-json\/wp\/v2\/pages\/1453\/revisions\/1553"}],"wp:attachment":[{"href":"https:\/\/epicoagencia.com.br\/index.php\/wp-json\/wp\/v2\/media?parent=1453"}],"curies":[{"name":"wp","href":"https:\/\/api.w.org\/{rel}","templated":true}]}}