{"id":1451,"date":"2023-05-18T02:05:29","date_gmt":"2023-05-18T05:05:29","guid":{"rendered":"https:\/\/epicoagencia.com.br\/?page_id=1451"},"modified":"2023-06-05T11:46:00","modified_gmt":"2023-06-05T14:46:00","slug":"trafego-pago","status":"publish","type":"page","link":"https:\/\/epicoagencia.com.br\/index.php\/trafego-pago\/","title":{"rendered":"Tr\u00e1fego pago"},"content":{"rendered":"\t\t<div data-elementor-type=\"wp-page\" data-elementor-id=\"1451\" class=\"elementor elementor-1451\">\n\t\t\t\t\t\t\t\t\t<section class=\"elementor-section elementor-top-section elementor-element elementor-element-72dc0fb elementor-section-boxed elementor-section-height-default elementor-section-height-default\" data-id=\"72dc0fb\" data-element_type=\"section\" data-settings=\"{&quot;background_background&quot;:&quot;classic&quot;}\">\n\t\t\t\t\t\t<div class=\"elementor-container elementor-column-gap-default\">\n\t\t\t\t\t<div class=\"elementor-column elementor-col-50 elementor-top-column elementor-element elementor-element-b86f7b4\" data-id=\"b86f7b4\" data-element_type=\"column\">\n\t\t\t<div class=\"elementor-widget-wrap elementor-element-populated\">\n\t\t\t\t\t\t\t\t<div class=\"elementor-element elementor-element-375933f elementor-invisible elementor-widget elementor-widget-heading\" data-id=\"375933f\" data-element_type=\"widget\" data-settings=\"{&quot;_animation&quot;:&quot;fadeInLeft&quot;}\" data-widget_type=\"heading.default\">\n\t\t\t\t<div class=\"elementor-widget-container\">\n\t\t\t<style>\/*! elementor - v3.14.0 - 26-06-2023 *\/\n.elementor-heading-title{padding:0;margin:0;line-height:1}.elementor-widget-heading .elementor-heading-title[class*=elementor-size-]>a{color:inherit;font-size:inherit;line-height:inherit}.elementor-widget-heading .elementor-heading-title.elementor-size-small{font-size:15px}.elementor-widget-heading .elementor-heading-title.elementor-size-medium{font-size:19px}.elementor-widget-heading .elementor-heading-title.elementor-size-large{font-size:29px}.elementor-widget-heading .elementor-heading-title.elementor-size-xl{font-size:39px}.elementor-widget-heading .elementor-heading-title.elementor-size-xxl{font-size:59px}<\/style><h2 class=\"elementor-heading-title elementor-size-default\">Tr\u00e1fego Pago<\/h2>\t\t<\/div>\n\t\t\t\t<\/div>\n\t\t\t\t<div class=\"elementor-element elementor-element-343f8b7 elementor-invisible elementor-widget elementor-widget-heading\" data-id=\"343f8b7\" data-element_type=\"widget\" data-settings=\"{&quot;_animation&quot;:&quot;fadeInLeft&quot;}\" data-widget_type=\"heading.default\">\n\t\t\t\t<div class=\"elementor-widget-container\">\n\t\t\t<p class=\"elementor-heading-title elementor-size-default\">Com uma gest\u00e3o de tr\u00e1fego pago bem definida \u00e9 poss\u00edvel fazer\no seu neg\u00f3cio aparecer para o p\u00fablico certo, na hora certa e\ncom os melhores resultados.<\/p>\t\t<\/div>\n\t\t\t\t<\/div>\n\t\t\t\t<div class=\"elementor-element elementor-element-4e3ca29 elementor-invisible elementor-widget elementor-widget-heading\" data-id=\"4e3ca29\" data-element_type=\"widget\" data-settings=\"{&quot;_animation&quot;:&quot;fadeInLeft&quot;}\" data-widget_type=\"heading.default\">\n\t\t\t\t<div class=\"elementor-widget-container\">\n\t\t\t<p class=\"elementor-heading-title elementor-size-default\">Independente do seu nicho, tamanho da empresa ou produto\noferecido: as campanhas podem alcan\u00e7ar o seu p\u00fablico e\ntransmitir a mensagem ou oferta que a sua empresa quer\npassar e aumentar as vendas!<\/p>\t\t<\/div>\n\t\t\t\t<\/div>\n\t\t\t\t<div class=\"elementor-element elementor-element-077120f elementor-invisible elementor-widget elementor-widget-heading\" data-id=\"077120f\" data-element_type=\"widget\" data-settings=\"{&quot;_animation&quot;:&quot;fadeInLeft&quot;}\" data-widget_type=\"heading.default\">\n\t\t\t\t<div class=\"elementor-widget-container\">\n\t\t\t<p class=\"elementor-heading-title elementor-size-default\">Para garantir o sucesso desta estrat\u00e9gia, a \u00c9pico Ag\u00eancia conta\ncom um time de especialistas em gest\u00e3o de tr\u00e1fego que est\u00e3o\nprontos para planejar e executar campanhas que v\u00e3o\nimpulsionar o sucesso da sua marca no ambiente digital!<\/p>\t\t<\/div>\n\t\t\t\t<\/div>\n\t\t\t\t<div class=\"elementor-element elementor-element-1811dca elementor-mobile-align-center elementor-invisible elementor-widget elementor-widget-button\" data-id=\"1811dca\" data-element_type=\"widget\" data-settings=\"{&quot;_animation&quot;:&quot;fadeInLeft&quot;}\" data-widget_type=\"button.default\">\n\t\t\t\t<div class=\"elementor-widget-container\">\n\t\t\t\t\t<div class=\"elementor-button-wrapper\">\n\t\t\t<a class=\"elementor-button elementor-button-link elementor-size-sm elementor-animation-grow\" href=\"https:\/\/api.whatsapp.com\/send?phone=558198427212\">\n\t\t\t\t\t\t<span class=\"elementor-button-content-wrapper\">\n\t\t\t\t\t\t<span class=\"elementor-button-icon elementor-align-icon-left\">\n\t\t\t\t<i aria-hidden=\"true\" class=\"fas fa-long-arrow-alt-right\"><\/i>\t\t\t<\/span>\n\t\t\t\t\t\t<span class=\"elementor-button-text\">Solicite um or\u00e7amento<\/span>\n\t\t<\/span>\n\t\t\t\t\t<\/a>\n\t\t<\/div>\n\t\t\t\t<\/div>\n\t\t\t\t<\/div>\n\t\t\t\t\t<\/div>\n\t\t<\/div>\n\t\t\t\t<div class=\"elementor-column elementor-col-50 elementor-top-column elementor-element elementor-element-d6a8bd9\" data-id=\"d6a8bd9\" data-element_type=\"column\">\n\t\t\t<div class=\"elementor-widget-wrap elementor-element-populated\">\n\t\t\t\t\t\t\t\t<div class=\"elementor-element elementor-element-3786f3f elementor-invisible elementor-widget elementor-widget-image\" data-id=\"3786f3f\" data-element_type=\"widget\" data-settings=\"{&quot;_animation&quot;:&quot;fadeInRight&quot;}\" data-widget_type=\"image.default\">\n\t\t\t\t<div class=\"elementor-widget-container\">\n\t\t\t<style>\/*! elementor - v3.14.0 - 26-06-2023 *\/\n.elementor-widget-image{text-align:center}.elementor-widget-image a{display:inline-block}.elementor-widget-image a img[src$=\".svg\"]{width:48px}.elementor-widget-image img{vertical-align:middle;display:inline-block}<\/style>\t\t\t\t\t\t\t\t\t\t\t\t<img decoding=\"async\" width=\"1080\" height=\"1080\" src=\"https:\/\/epicoagencia.com.br\/wp-content\/uploads\/2023\/05\/Design-sem-nome-2023-05-19T144053.850-1.png\" class=\"attachment-full size-full wp-image-1515\" alt=\"\" loading=\"lazy\" srcset=\"https:\/\/epicoagencia.com.br\/wp-content\/uploads\/2023\/05\/Design-sem-nome-2023-05-19T144053.850-1.png 1080w, https:\/\/epicoagencia.com.br\/wp-content\/uploads\/2023\/05\/Design-sem-nome-2023-05-19T144053.850-1-300x300.png 300w, https:\/\/epicoagencia.com.br\/wp-content\/uploads\/2023\/05\/Design-sem-nome-2023-05-19T144053.850-1-1024x1024.png 1024w, https:\/\/epicoagencia.com.br\/wp-content\/uploads\/2023\/05\/Design-sem-nome-2023-05-19T144053.850-1-150x150.png 150w, https:\/\/epicoagencia.com.br\/wp-content\/uploads\/2023\/05\/Design-sem-nome-2023-05-19T144053.850-1-768x768.png 768w, https:\/\/epicoagencia.com.br\/wp-content\/uploads\/2023\/05\/Design-sem-nome-2023-05-19T144053.850-1-800x800.png 800w, https:\/\/epicoagencia.com.br\/wp-content\/uploads\/2023\/05\/Design-sem-nome-2023-05-19T144053.850-1-700x700.png 700w, https:\/\/epicoagencia.com.br\/wp-content\/uploads\/2023\/05\/Design-sem-nome-2023-05-19T144053.850-1-100x100.png 100w\" sizes=\"(max-width: 1080px) 100vw, 1080px\" \/>\t\t\t\t\t\t\t\t\t\t\t\t\t\t\t<\/div>\n\t\t\t\t<\/div>\n\t\t\t\t\t<\/div>\n\t\t<\/div>\n\t\t\t\t\t\t\t<\/div>\n\t\t<\/section>\n\t\t\t\t\t\t\t<\/div>\n\t\t","protected":false},"excerpt":{"rendered":"<p>Tr\u00e1fego Pago Com uma gest\u00e3o de tr\u00e1fego pago bem definida \u00e9 poss\u00edvel fazer o seu neg\u00f3cio aparecer para o p\u00fablico certo, na hora certa e com os melhores resultados. Independente do seu nicho, tamanho da empresa ou produto oferecido: as campanhas podem alcan\u00e7ar o seu p\u00fablico e transmitir a mensagem ou oferta que a sua&#8230;<\/p>\n","protected":false},"author":1,"featured_media":0,"parent":0,"menu_order":0,"comment_status":"closed","ping_status":"closed","template":"","meta":{"_kad_post_transparent":"","_kad_post_title":"hide","_kad_post_layout":"fullwidth","_kad_post_sidebar_id":"","_kad_post_content_style":"unboxed","_kad_post_vertical_padding":"hide","_kad_post_feature":"hide","_kad_post_feature_position":"","_kad_post_header":false,"_kad_post_footer":false,"_joinchat":[]},"yoast_head":"<!-- This site is optimized with the Yoast SEO plugin v20.10 - https:\/\/yoast.com\/wordpress\/plugins\/seo\/ -->\n<title>Tr\u00e1fego pago - \u00c9pico Ag\u00eancia<\/title>\n<meta name=\"robots\" content=\"index, follow, max-snippet:-1, max-image-preview:large, max-video-preview:-1\" \/>\n<link rel=\"canonical\" href=\"https:\/\/epicoagencia.com.br\/index.php\/trafego-pago\/\" \/>\n<meta property=\"og:locale\" content=\"pt_BR\" \/>\n<meta property=\"og:type\" content=\"article\" \/>\n<meta property=\"og:title\" content=\"Tr\u00e1fego pago - \u00c9pico Ag\u00eancia\" \/>\n<meta property=\"og:description\" content=\"Tr\u00e1fego Pago Com uma gest\u00e3o de tr\u00e1fego pago bem definida \u00e9 poss\u00edvel fazer o seu neg\u00f3cio aparecer para o p\u00fablico certo, na hora certa e com os melhores resultados. Independente do seu nicho, tamanho da empresa ou produto oferecido: as campanhas podem alcan\u00e7ar o seu p\u00fablico e transmitir a mensagem ou oferta que a sua...\" \/>\n<meta property=\"og:url\" content=\"https:\/\/epicoagencia.com.br\/index.php\/trafego-pago\/\" \/>\n<meta property=\"og:site_name\" content=\"\u00c9pico Ag\u00eancia\" \/>\n<meta property=\"article:publisher\" content=\"https:\/\/www.facebook.com\/epicoagenciaoficial\" \/>\n<meta property=\"article:modified_time\" content=\"2023-06-05T14:46:00+00:00\" \/>\n<meta property=\"og:image\" content=\"https:\/\/epicoagencia.com.br\/wp-content\/uploads\/2023\/05\/Design-sem-nome-2023-05-19T144053.850-1.png\" \/>\n<meta name=\"twitter:card\" content=\"summary_large_image\" \/>\n<meta name=\"twitter:label1\" content=\"Est. tempo de leitura\" \/>\n\t<meta name=\"twitter:data1\" content=\"1 minuto\" \/>\n<script type=\"application\/ld+json\" class=\"yoast-schema-graph\">{\"@context\":\"https:\/\/schema.org\",\"@graph\":[{\"@type\":\"WebPage\",\"@id\":\"https:\/\/epicoagencia.com.br\/index.php\/trafego-pago\/\",\"url\":\"https:\/\/epicoagencia.com.br\/index.php\/trafego-pago\/\",\"name\":\"Tr\u00e1fego pago - \u00c9pico Ag\u00eancia\",\"isPartOf\":{\"@id\":\"https:\/\/epicoagencia.com.br\/#website\"},\"datePublished\":\"2023-05-18T05:05:29+00:00\",\"dateModified\":\"2023-06-05T14:46:00+00:00\",\"breadcrumb\":{\"@id\":\"https:\/\/epicoagencia.com.br\/index.php\/trafego-pago\/#breadcrumb\"},\"inLanguage\":\"pt-BR\",\"potentialAction\":[{\"@type\":\"ReadAction\",\"target\":[\"https:\/\/epicoagencia.com.br\/index.php\/trafego-pago\/\"]}]},{\"@type\":\"BreadcrumbList\",\"@id\":\"https:\/\/epicoagencia.com.br\/index.php\/trafego-pago\/#breadcrumb\",\"itemListElement\":[{\"@type\":\"ListItem\",\"position\":1,\"name\":\"In\u00edcio\",\"item\":\"https:\/\/epicoagencia.com.br\/\"},{\"@type\":\"ListItem\",\"position\":2,\"name\":\"Tr\u00e1fego pago\"}]},{\"@type\":\"WebSite\",\"@id\":\"https:\/\/epicoagencia.com.br\/#website\",\"url\":\"https:\/\/epicoagencia.com.br\/\",\"name\":\"\u00c9pico Ag\u00eancia\",\"description\":\"Uma ag\u00eancia que entende de gente!\",\"publisher\":{\"@id\":\"https:\/\/epicoagencia.com.br\/#organization\"},\"potentialAction\":[{\"@type\":\"SearchAction\",\"target\":{\"@type\":\"EntryPoint\",\"urlTemplate\":\"https:\/\/epicoagencia.com.br\/?s={search_term_string}\"},\"query-input\":\"required name=search_term_string\"}],\"inLanguage\":\"pt-BR\"},{\"@type\":\"Organization\",\"@id\":\"https:\/\/epicoagencia.com.br\/#organization\",\"name\":\"\u00c9pico Ag\u00eancia\",\"url\":\"https:\/\/epicoagencia.com.br\/\",\"logo\":{\"@type\":\"ImageObject\",\"inLanguage\":\"pt-BR\",\"@id\":\"https:\/\/epicoagencia.com.br\/#\/schema\/logo\/image\/\",\"url\":\"https:\/\/epicoagencia.com.br\/wp-content\/uploads\/2023\/05\/Logotipo-Agencia-Epico-e1684367971845.png\",\"contentUrl\":\"https:\/\/epicoagencia.com.br\/wp-content\/uploads\/2023\/05\/Logotipo-Agencia-Epico-e1684367971845.png\",\"width\":766,\"height\":299,\"caption\":\"\u00c9pico Ag\u00eancia\"},\"image\":{\"@id\":\"https:\/\/epicoagencia.com.br\/#\/schema\/logo\/image\/\"},\"sameAs\":[\"https:\/\/www.facebook.com\/epicoagenciaoficial\",\"https:\/\/www.instagram.com\/epicoagenciaoficial\/\"]}]}<\/script>\n<!-- \/ Yoast SEO plugin. -->","yoast_head_json":{"title":"Tr\u00e1fego pago - \u00c9pico Ag\u00eancia","robots":{"index":"index","follow":"follow","max-snippet":"max-snippet:-1","max-image-preview":"max-image-preview:large","max-video-preview":"max-video-preview:-1"},"canonical":"https:\/\/epicoagencia.com.br\/index.php\/trafego-pago\/","og_locale":"pt_BR","og_type":"article","og_title":"Tr\u00e1fego pago - \u00c9pico Ag\u00eancia","og_description":"Tr\u00e1fego Pago Com uma gest\u00e3o de tr\u00e1fego pago bem definida \u00e9 poss\u00edvel fazer o seu neg\u00f3cio aparecer para o p\u00fablico certo, na hora certa e com os melhores resultados. Independente do seu nicho, tamanho da empresa ou produto oferecido: as campanhas podem alcan\u00e7ar o seu p\u00fablico e transmitir a mensagem ou oferta que a sua...","og_url":"https:\/\/epicoagencia.com.br\/index.php\/trafego-pago\/","og_site_name":"\u00c9pico Ag\u00eancia","article_publisher":"https:\/\/www.facebook.com\/epicoagenciaoficial","article_modified_time":"2023-06-05T14:46:00+00:00","og_image":[{"url":"https:\/\/epicoagencia.com.br\/wp-content\/uploads\/2023\/05\/Design-sem-nome-2023-05-19T144053.850-1.png"}],"twitter_card":"summary_large_image","twitter_misc":{"Est. tempo de leitura":"1 minuto"},"schema":{"@context":"https:\/\/schema.org","@graph":[{"@type":"WebPage","@id":"https:\/\/epicoagencia.com.br\/index.php\/trafego-pago\/","url":"https:\/\/epicoagencia.com.br\/index.php\/trafego-pago\/","name":"Tr\u00e1fego pago - \u00c9pico Ag\u00eancia","isPartOf":{"@id":"https:\/\/epicoagencia.com.br\/#website"},"datePublished":"2023-05-18T05:05:29+00:00","dateModified":"2023-06-05T14:46:00+00:00","breadcrumb":{"@id":"https:\/\/epicoagencia.com.br\/index.php\/trafego-pago\/#breadcrumb"},"inLanguage":"pt-BR","potentialAction":[{"@type":"ReadAction","target":["https:\/\/epicoagencia.com.br\/index.php\/trafego-pago\/"]}]},{"@type":"BreadcrumbList","@id":"https:\/\/epicoagencia.com.br\/index.php\/trafego-pago\/#breadcrumb","itemListElement":[{"@type":"ListItem","position":1,"name":"In\u00edcio","item":"https:\/\/epicoagencia.com.br\/"},{"@type":"ListItem","position":2,"name":"Tr\u00e1fego pago"}]},{"@type":"WebSite","@id":"https:\/\/epicoagencia.com.br\/#website","url":"https:\/\/epicoagencia.com.br\/","name":"\u00c9pico Ag\u00eancia","description":"Uma ag\u00eancia que entende de gente!","publisher":{"@id":"https:\/\/epicoagencia.com.br\/#organization"},"potentialAction":[{"@type":"SearchAction","target":{"@type":"EntryPoint","urlTemplate":"https:\/\/epicoagencia.com.br\/?s={search_term_string}"},"query-input":"required name=search_term_string"}],"inLanguage":"pt-BR"},{"@type":"Organization","@id":"https:\/\/epicoagencia.com.br\/#organization","name":"\u00c9pico Ag\u00eancia","url":"https:\/\/epicoagencia.com.br\/","logo":{"@type":"ImageObject","inLanguage":"pt-BR","@id":"https:\/\/epicoagencia.com.br\/#\/schema\/logo\/image\/","url":"https:\/\/epicoagencia.com.br\/wp-content\/uploads\/2023\/05\/Logotipo-Agencia-Epico-e1684367971845.png","contentUrl":"https:\/\/epicoagencia.com.br\/wp-content\/uploads\/2023\/05\/Logotipo-Agencia-Epico-e1684367971845.png","width":766,"height":299,"caption":"\u00c9pico Ag\u00eancia"},"image":{"@id":"https:\/\/epicoagencia.com.br\/#\/schema\/logo\/image\/"},"sameAs":["https:\/\/www.facebook.com\/epicoagenciaoficial","https:\/\/www.instagram.com\/epicoagenciaoficial\/"]}]}},"_links":{"self":[{"href":"https:\/\/epicoagencia.com.br\/index.php\/wp-json\/wp\/v2\/pages\/1451"}],"collection":[{"href":"https:\/\/epicoagencia.com.br\/index.php\/wp-json\/wp\/v2\/pages"}],"about":[{"href":"https:\/\/epicoagencia.com.br\/index.php\/wp-json\/wp\/v2\/types\/page"}],"author":[{"embeddable":true,"href":"https:\/\/epicoagencia.com.br\/index.php\/wp-json\/wp\/v2\/users\/1"}],"replies":[{"embeddable":true,"href":"https:\/\/epicoagencia.com.br\/index.php\/wp-json\/wp\/v2\/comments?post=1451"}],"version-history":[{"count":16,"href":"https:\/\/epicoagencia.com.br\/index.php\/wp-json\/wp\/v2\/pages\/1451\/revisions"}],"predecessor-version":[{"id":1934,"href":"https:\/\/epicoagencia.com.br\/index.php\/wp-json\/wp\/v2\/pages\/1451\/revisions\/1934"}],"wp:attachment":[{"href":"https:\/\/epicoagencia.com.br\/index.php\/wp-json\/wp\/v2\/media?parent=1451"}],"curies":[{"name":"wp","href":"https:\/\/api.w.org\/{rel}","templated":true}]}}