{"id":1297,"date":"2023-05-17T23:32:57","date_gmt":"2023-05-18T02:32:57","guid":{"rendered":"https:\/\/epicoagencia.com.br\/?page_id=1297"},"modified":"2023-05-17T23:56:04","modified_gmt":"2023-05-18T02:56:04","slug":"politica-de-cookies","status":"publish","type":"page","link":"https:\/\/epicoagencia.com.br\/index.php\/politica-de-cookies\/","title":{"rendered":"Pol\u00edtica de Cookies"},"content":{"rendered":"\t\t<div data-elementor-type=\"wp-page\" data-elementor-id=\"1297\" class=\"elementor elementor-1297\">\n\t\t\t\t\t\t\t\t\t<section class=\"elementor-section elementor-top-section elementor-element elementor-element-af10e2e elementor-section-boxed elementor-section-height-default elementor-section-height-default\" data-id=\"af10e2e\" data-element_type=\"section\">\n\t\t\t\t\t\t<div class=\"elementor-container elementor-column-gap-default\">\n\t\t\t\t\t<div class=\"elementor-column elementor-col-100 elementor-top-column elementor-element elementor-element-a58b5ad\" data-id=\"a58b5ad\" data-element_type=\"column\">\n\t\t\t<div class=\"elementor-widget-wrap elementor-element-populated\">\n\t\t\t\t\t\t\t\t<div class=\"elementor-element elementor-element-fc61b0f elementor-widget elementor-widget-heading\" data-id=\"fc61b0f\" data-element_type=\"widget\" data-widget_type=\"heading.default\">\n\t\t\t\t<div class=\"elementor-widget-container\">\n\t\t\t<style>\/*! elementor - v3.14.0 - 26-06-2023 *\/\n.elementor-heading-title{padding:0;margin:0;line-height:1}.elementor-widget-heading .elementor-heading-title[class*=elementor-size-]>a{color:inherit;font-size:inherit;line-height:inherit}.elementor-widget-heading .elementor-heading-title.elementor-size-small{font-size:15px}.elementor-widget-heading .elementor-heading-title.elementor-size-medium{font-size:19px}.elementor-widget-heading .elementor-heading-title.elementor-size-large{font-size:29px}.elementor-widget-heading .elementor-heading-title.elementor-size-xl{font-size:39px}.elementor-widget-heading .elementor-heading-title.elementor-size-xxl{font-size:59px}<\/style><h2 class=\"elementor-heading-title elementor-size-default\">Pol\u00edtica de Cookies<\/h2>\t\t<\/div>\n\t\t\t\t<\/div>\n\t\t\t\t<div class=\"elementor-element elementor-element-1204550 elementor-widget elementor-widget-heading\" data-id=\"1204550\" data-element_type=\"widget\" data-widget_type=\"heading.default\">\n\t\t\t\t<div class=\"elementor-widget-container\">\n\t\t\t<p class=\"elementor-heading-title elementor-size-default\">A Ag\u00eancia \u00c9pico respeita as suas preocupa\u00e7\u00f5es com privacidade e valoriza o relacionamento que tem com voc\u00ea, que acessa nossas plataformas e\/ou utiliza os nossos produtos e servi\u00e7os digitais.<\/p>\t\t<\/div>\n\t\t\t\t<\/div>\n\t\t\t\t<div class=\"elementor-element elementor-element-0853c36 elementor-widget elementor-widget-heading\" data-id=\"0853c36\" data-element_type=\"widget\" data-widget_type=\"heading.default\">\n\t\t\t\t<div class=\"elementor-widget-container\">\n\t\t\t<p class=\"elementor-heading-title elementor-size-default\">A Ag\u00eancia \u00c9pico possui o compromisso de prover, de forma r\u00e1pida e eficiente, produtos e servi\u00e7os personalizados para nossos clientes (\u201cUsu\u00e1rio ou Voc\u00ea\u201d) e, para tanto, usamos tecnologias em nossas plataformas, denominadas cookies, para coletar informa\u00e7\u00f5es que nos ajudam a melhorar sua navega\u00e7\u00e3o e experi\u00eancia conosco. Assim, apresentamos esta Pol\u00edtica de Cookies (\u201cPol\u00edtica\u201d) para fornecer informa\u00e7\u00f5es claras e precisas acerca do uso de cookies pela Ag\u00eancia \u00c9pico, sendo que, para maiores informa\u00e7\u00f5es sobre como relacionamos nossos cookies a seus dados pessoais, consulte nossa Pol\u00edtica de Privacidade.<\/p>\t\t<\/div>\n\t\t\t\t<\/div>\n\t\t\t\t<div class=\"elementor-element elementor-element-bd9bccd elementor-widget elementor-widget-heading\" data-id=\"bd9bccd\" data-element_type=\"widget\" data-widget_type=\"heading.default\">\n\t\t\t\t<div class=\"elementor-widget-container\">\n\t\t\t<h2 class=\"elementor-heading-title elementor-size-default\">1. O QUE S\u00c3O COOKIES?\n<\/h2>\t\t<\/div>\n\t\t\t\t<\/div>\n\t\t\t\t<div class=\"elementor-element elementor-element-3a5a653 elementor-widget elementor-widget-heading\" data-id=\"3a5a653\" data-element_type=\"widget\" data-widget_type=\"heading.default\">\n\t\t\t\t<div class=\"elementor-widget-container\">\n\t\t\t<p class=\"elementor-heading-title elementor-size-default\">Cookies s\u00e3o pequenos arquivos de texto que ficam armazenados em seu(s) dispositivo(s) (como computador, celular ou tablet) quando voc\u00ea acessa nossas plataformas (sites e aplicativos).\n\n<\/p>\t\t<\/div>\n\t\t\t\t<\/div>\n\t\t\t\t<div class=\"elementor-element elementor-element-8fb92a7 elementor-widget elementor-widget-heading\" data-id=\"8fb92a7\" data-element_type=\"widget\" data-widget_type=\"heading.default\">\n\t\t\t\t<div class=\"elementor-widget-container\">\n\t\t\t<p class=\"elementor-heading-title elementor-size-default\">Estes cookies nos permitem coletar informa\u00e7\u00f5es quando voc\u00ea usa nossas plataformas que podem ser \u00fateis para, por exemplo, analisar tend\u00eancias e adaptar nossas plataformas para uma melhor experi\u00eancia.\n\n<\/p>\t\t<\/div>\n\t\t\t\t<\/div>\n\t\t\t\t<div class=\"elementor-element elementor-element-4611c17 elementor-widget elementor-widget-heading\" data-id=\"4611c17\" data-element_type=\"widget\" data-widget_type=\"heading.default\">\n\t\t\t\t<div class=\"elementor-widget-container\">\n\t\t\t<p class=\"elementor-heading-title elementor-size-default\">Al\u00e9m disso, tamb\u00e9m poderemos usar em conjunto com os cookies, pequenas imagens chamadas Web Beacons (tamb\u00e9m denominadas \"pixel tags\" ou \"clear GIFs\"), que s\u00e3o utilizadas para identifica\u00e7\u00e3o e an\u00e1lise de comportamento de usu\u00e1rios.\n\n<\/p>\t\t<\/div>\n\t\t\t\t<\/div>\n\t\t\t\t<div class=\"elementor-element elementor-element-152b263 elementor-widget elementor-widget-heading\" data-id=\"152b263\" data-element_type=\"widget\" data-widget_type=\"heading.default\">\n\t\t\t\t<div class=\"elementor-widget-container\">\n\t\t\t<p class=\"elementor-heading-title elementor-size-default\">Assim, sempre que a fun\u00e7\u00e3o de cookies estiver habilitada no(s) seu(s) dispositivo(s), a Isa Gregorio poder\u00e1 coletar informa\u00e7\u00f5es sobre a(s) visita(s) realizada(s) e personalizar os produtos e servi\u00e7os fornecidos, conforme definido nas configura\u00e7\u00f5es.\n\n<\/p>\t\t<\/div>\n\t\t\t\t<\/div>\n\t\t\t\t<div class=\"elementor-element elementor-element-15f0424 elementor-widget elementor-widget-heading\" data-id=\"15f0424\" data-element_type=\"widget\" data-widget_type=\"heading.default\">\n\t\t\t\t<div class=\"elementor-widget-container\">\n\t\t\t<h2 class=\"elementor-heading-title elementor-size-default\">2. QUAIS COOKIES S\u00c3O UTILIZADOS EM NOSSAS PLATAFORMAS?\n<\/h2>\t\t<\/div>\n\t\t\t\t<\/div>\n\t\t\t\t<div class=\"elementor-element elementor-element-25e3de0 elementor-widget elementor-widget-heading\" data-id=\"25e3de0\" data-element_type=\"widget\" data-widget_type=\"heading.default\">\n\t\t\t\t<div class=\"elementor-widget-container\">\n\t\t\t<p class=\"elementor-heading-title elementor-size-default\">A Ag\u00eancia \u00c9pico implementa, por desenvolvimento pr\u00f3prio ou de terceiros, cookies em suas plataformas, com as seguintes finalidades:\n\n<\/p>\t\t<\/div>\n\t\t\t\t<\/div>\n\t\t\t\t<div class=\"elementor-element elementor-element-4de0562 elementor-widget elementor-widget-heading\" data-id=\"4de0562\" data-element_type=\"widget\" data-widget_type=\"heading.default\">\n\t\t\t\t<div class=\"elementor-widget-container\">\n\t\t\t<p class=\"elementor-heading-title elementor-size-default\"><b>Cookies Estritamente Necess\u00e1rios -<\/b> S\u00e3o essenciais para permitir a movimenta\u00e7\u00e3o do Usu\u00e1rio em nossas plataformas, possibilitando o acesso ao perfil, gest\u00e3o de prefer\u00eancias de privacidade, realiza\u00e7\u00e3o de compras e utiliza\u00e7\u00e3o de recursos exclusivos para membros e outras \u00e1reas seguras em nossas plataformas. Esses cookies n\u00e3o coletam informa\u00e7\u00f5es sobre Voc\u00ea que poderiam ser usadas para fins de marketing e n\u00e3o se lembram de onde Voc\u00ea esteve na Internet. Esta categoria de cookies, por ser necess\u00e1ria para que nossas plataformas funcionem, n\u00e3o pode ser desativada em nossos sistemas e nem pelo Usu\u00e1rio<\/p>\t\t<\/div>\n\t\t\t\t<\/div>\n\t\t\t\t<div class=\"elementor-element elementor-element-669110d elementor-widget elementor-widget-heading\" data-id=\"669110d\" data-element_type=\"widget\" data-widget_type=\"heading.default\">\n\t\t\t\t<div class=\"elementor-widget-container\">\n\t\t\t<p class=\"elementor-heading-title elementor-size-default\"><b>Cookies de Funcionalidade -<\/b> S\u00e3o utilizados para permitir que nossas plataformas forne\u00e7am funcionalidades melhoradas e produtos e servi\u00e7os mais personalizados. Podem ser estabelecidos por n\u00f3s ou por fornecedores externos cujos servi\u00e7os adicionamos \u00e0s nossas plataformas. Se Voc\u00ea n\u00e3o permitir estes cookies algumas destas funcionalidades, ou mesmo todas, podem n\u00e3o atuar corretamente.<\/p>\t\t<\/div>\n\t\t\t\t<\/div>\n\t\t\t\t<div class=\"elementor-element elementor-element-02772b6 elementor-widget elementor-widget-heading\" data-id=\"02772b6\" data-element_type=\"widget\" data-widget_type=\"heading.default\">\n\t\t\t\t<div class=\"elementor-widget-container\">\n\t\t\t<p class=\"elementor-heading-title elementor-size-default\"><b>Cookies de Desempenho - <\/b>Servem para efeitos de cria\u00e7\u00e3o e an\u00e1lise estat\u00edstica de desempenho de nossas plataformas, sem recolher informa\u00e7\u00e3o de car\u00e1ter pessoal, apenas informa\u00e7\u00f5es como o n\u00famero de visitas, p\u00e1ginas e se\u00e7\u00f5es visitadas, dura\u00e7\u00e3o da sess\u00e3o, buscas realizadas etc.\n\n<\/p>\t\t<\/div>\n\t\t\t\t<\/div>\n\t\t\t\t<div class=\"elementor-element elementor-element-509c005 elementor-widget elementor-widget-heading\" data-id=\"509c005\" data-element_type=\"widget\" data-widget_type=\"heading.default\">\n\t\t\t\t<div class=\"elementor-widget-container\">\n\t\t\t<p class=\"elementor-heading-title elementor-size-default\"><b>Cookies de Redes sociais: <\/b>S\u00e3o estabelecidos por uma s\u00e9rie de servi\u00e7os das redes sociais que adicionamos \u00e0s nossas plataformas para permitir que Voc\u00ea possa compartilhar o nosso conte\u00fado com os seus amigos e conhecidos. Estes cookies s\u00e3o capazes de rastrear a sua navega\u00e7\u00e3o por outros websites\/plataformas e criar um perfil sobre os seus interesses, podendo afetar o conte\u00fado e as mensagens que Voc\u00ea v\u00ea noutros websites\/plataformas que visita.\n\n<\/p>\t\t<\/div>\n\t\t\t\t<\/div>\n\t\t\t\t<div class=\"elementor-element elementor-element-28e5dd2 elementor-widget elementor-widget-heading\" data-id=\"28e5dd2\" data-element_type=\"widget\" data-widget_type=\"heading.default\">\n\t\t\t\t<div class=\"elementor-widget-container\">\n\t\t\t<p class=\"elementor-heading-title elementor-size-default\"><b>Cookies de Publicidade - <\/b>Est\u00e3o inseridos em nossas plataformas para que terceiros como ve\u00edculos de m\u00eddia possam direcionar publicidade de acordo com suas prefer\u00eancias, baseado em suas atividades de navega\u00e7\u00e3o. N\u00e3o h\u00e1 coleta de informa\u00e7\u00f5es de car\u00e1ter pessoal, apenas informa\u00e7\u00f5es do seu navegador e dispositivo(s) de internet. Caso Voc\u00ea n\u00e3o permita estes cookies, receber\u00e1 menos publicidade direcionada.\n\n<\/p>\t\t<\/div>\n\t\t\t\t<\/div>\n\t\t\t\t<div class=\"elementor-element elementor-element-8402ce9 elementor-widget elementor-widget-heading\" data-id=\"8402ce9\" data-element_type=\"widget\" data-widget_type=\"heading.default\">\n\t\t\t\t<div class=\"elementor-widget-container\">\n\t\t\t<h2 class=\"elementor-heading-title elementor-size-default\">3. COMO POSSO REMOVER OU BLOQUEAR OS COOKIES?\n<\/h2>\t\t<\/div>\n\t\t\t\t<\/div>\n\t\t\t\t<div class=\"elementor-element elementor-element-81236af elementor-widget elementor-widget-heading\" data-id=\"81236af\" data-element_type=\"widget\" data-widget_type=\"heading.default\">\n\t\t\t\t<div class=\"elementor-widget-container\">\n\t\t\t<p class=\"elementor-heading-title elementor-size-default\">Voc\u00ea sempre pode recusar a instala\u00e7\u00e3o dos cookies descritos nesta Pol\u00edtica no(s) seu(s) dispositivo(s) e\/ou optar pela remo\u00e7\u00e3o deles a qualquer momento, com exce\u00e7\u00e3o da categoria de Cookies Estritamente Necess\u00e1rios, conforme explicado acima, atrav\u00e9s do gerenciamento manual de suas prefer\u00eancias de cookies.\n\n<\/p>\t\t<\/div>\n\t\t\t\t<\/div>\n\t\t\t\t<div class=\"elementor-element elementor-element-f4e1b93 elementor-widget elementor-widget-heading\" data-id=\"f4e1b93\" data-element_type=\"widget\" data-widget_type=\"heading.default\">\n\t\t\t\t<div class=\"elementor-widget-container\">\n\t\t\t<p class=\"elementor-heading-title elementor-size-default\">Se voc\u00ea estiver acessando nosso conte\u00fado via navegador, voc\u00ea poder\u00e1 utilizar as configura\u00e7\u00f5es nele previstas para verificar os cookies j\u00e1 utilizados e gerenci\u00e1-los como deseja.\n\n<\/p>\t\t<\/div>\n\t\t\t\t<\/div>\n\t\t\t\t<div class=\"elementor-element elementor-element-54a0c78 elementor-widget elementor-widget-heading\" data-id=\"54a0c78\" data-element_type=\"widget\" data-widget_type=\"heading.default\">\n\t\t\t\t<div class=\"elementor-widget-container\">\n\t\t\t<p class=\"elementor-heading-title elementor-size-default\">Caso voc\u00ea esteja acessando nosso conte\u00fado via website(s) e\/ou aplicativo(s), voc\u00ea poder\u00e1 gerenciar suas prefer\u00eancias de cookies nas pr\u00f3prias configura\u00e7\u00f5es do website\/app, clicando em Configura\u00e7\u00f5es \u2013 Privacidade ou Op\u00e7\u00f5es \u2013 Seguran\u00e7a.\n\n<\/p>\t\t<\/div>\n\t\t\t\t<\/div>\n\t\t\t\t<div class=\"elementor-element elementor-element-9a2a955 elementor-widget elementor-widget-heading\" data-id=\"9a2a955\" data-element_type=\"widget\" data-widget_type=\"heading.default\">\n\t\t\t\t<div class=\"elementor-widget-container\">\n\t\t\t<p class=\"elementor-heading-title elementor-size-default\">Lembre-se que o uso de cookies nos permite oferecer uma melhor experi\u00eancia em nossas plataformas, produtos e servi\u00e7os. Se voc\u00ea bloquear cookies ou decidir n\u00e3o permitir o funcionamento de alguns deles, n\u00e3o temos como garantir o correto funcionamento de todas as funcionalidades das nossas plataformas e talvez voc\u00ea n\u00e3o consiga acessar determinadas \u00e1reas de nossos produtos e servi\u00e7os.\n\n<\/p>\t\t<\/div>\n\t\t\t\t<\/div>\n\t\t\t\t<div class=\"elementor-element elementor-element-f083603 elementor-widget elementor-widget-heading\" data-id=\"f083603\" data-element_type=\"widget\" data-widget_type=\"heading.default\">\n\t\t\t\t<div class=\"elementor-widget-container\">\n\t\t\t<p class=\"elementor-heading-title elementor-size-default\">Al\u00e9m disso, \u00e9 prov\u00e1vel que certas fun\u00e7\u00f5es e p\u00e1ginas n\u00e3o funcionem da maneira adequada, como por exemplo, solicitar sua localiza\u00e7\u00e3o toda vez que acessar nosso site, mesmo que j\u00e1 tenha informado anteriormente.\n\n<\/p>\t\t<\/div>\n\t\t\t\t<\/div>\n\t\t\t\t<div class=\"elementor-element elementor-element-62572d3 elementor-widget elementor-widget-heading\" data-id=\"62572d3\" data-element_type=\"widget\" data-widget_type=\"heading.default\">\n\t\t\t\t<div class=\"elementor-widget-container\">\n\t\t\t<h2 class=\"elementor-heading-title elementor-size-default\">4. N\u00c3O RASTREAR (DO NOT TRACK \u2013 DNT)\n<\/h2>\t\t<\/div>\n\t\t\t\t<\/div>\n\t\t\t\t<div class=\"elementor-element elementor-element-8b3cd70 elementor-widget elementor-widget-heading\" data-id=\"8b3cd70\" data-element_type=\"widget\" data-widget_type=\"heading.default\">\n\t\t\t\t<div class=\"elementor-widget-container\">\n\t\t\t<p class=\"elementor-heading-title elementor-size-default\">A Ag\u00eancia \u00c9pico pode n\u00e3o reconhecer sinais de N\u00e3o rastrear (\u201cDNT\u201d, Do Not Track) dos seus navegadores da Web e dispositivos. Isso acontece porque ainda n\u00e3o existe um padr\u00e3o universalmente aceito sobre como interpretar e responder a sinais DNT, que, muitas vezes, entram em conflito com outras configura\u00e7\u00f5es. Por isso, utilize sempre a(s) ferramenta(s) de gerenciamento de cookies.\n\n<\/p>\t\t<\/div>\n\t\t\t\t<\/div>\n\t\t\t\t<div class=\"elementor-element elementor-element-d91c7fc elementor-widget elementor-widget-heading\" data-id=\"d91c7fc\" data-element_type=\"widget\" data-widget_type=\"heading.default\">\n\t\t\t\t<div class=\"elementor-widget-container\">\n\t\t\t<h2 class=\"elementor-heading-title elementor-size-default\">5. ALTERA\u00c7\u00d5ES NA POL\u00cdTICA DE COOKIES\n<\/h2>\t\t<\/div>\n\t\t\t\t<\/div>\n\t\t\t\t<div class=\"elementor-element elementor-element-fab65ec elementor-widget elementor-widget-heading\" data-id=\"fab65ec\" data-element_type=\"widget\" data-widget_type=\"heading.default\">\n\t\t\t\t<div class=\"elementor-widget-container\">\n\t\t\t<p class=\"elementor-heading-title elementor-size-default\">Como estamos sempre buscando aprimorar nossos produtos e servi\u00e7os, esta Pol\u00edtica de Cookies pode passar por atualiza\u00e7\u00f5es para refletir as melhorias realizadas, bem como para refletir eventuais altera\u00e7\u00f5es regulat\u00f3rias.\n\n<\/p>\t\t<\/div>\n\t\t\t\t<\/div>\n\t\t\t\t<div class=\"elementor-element elementor-element-8838658 elementor-widget elementor-widget-heading\" data-id=\"8838658\" data-element_type=\"widget\" data-widget_type=\"heading.default\">\n\t\t\t\t<div class=\"elementor-widget-container\">\n\t\t\t<p class=\"elementor-heading-title elementor-size-default\">Por tal raz\u00e3o, a data de \u00faltima atualiza\u00e7\u00e3o aparecer\u00e1 sempre no in\u00edcio desta Pol\u00edtica, sendo que, em caso de atualiza\u00e7\u00e3o relevante, daremos a devida transpar\u00eancia em rela\u00e7\u00e3o ao conte\u00fado alterado em nossas plataformas, sendo altamente recomend\u00e1vel que voc\u00ea leia a presente Pol\u00edtica periodicamente.<\/p>\t\t<\/div>\n\t\t\t\t<\/div>\n\t\t\t\t\t<\/div>\n\t\t<\/div>\n\t\t\t\t\t\t\t<\/div>\n\t\t<\/section>\n\t\t\t\t\t\t\t<\/div>\n\t\t","protected":false},"excerpt":{"rendered":"<p>Pol\u00edtica de Cookies A Ag\u00eancia \u00c9pico respeita as suas preocupa\u00e7\u00f5es com privacidade e valoriza o relacionamento que tem com voc\u00ea, que acessa nossas plataformas e\/ou utiliza os nossos produtos e servi\u00e7os digitais. A Ag\u00eancia \u00c9pico possui o compromisso de prover, de forma r\u00e1pida e eficiente, produtos e servi\u00e7os personalizados para nossos clientes (\u201cUsu\u00e1rio ou Voc\u00ea\u201d)&#8230;<\/p>\n","protected":false},"author":1,"featured_media":0,"parent":0,"menu_order":0,"comment_status":"closed","ping_status":"closed","template":"","meta":{"_kad_post_transparent":"","_kad_post_title":"hide","_kad_post_layout":"fullwidth","_kad_post_sidebar_id":"","_kad_post_content_style":"unboxed","_kad_post_vertical_padding":"hide","_kad_post_feature":"hide","_kad_post_feature_position":"","_kad_post_header":false,"_kad_post_footer":false,"_joinchat":[]},"yoast_head":"<!-- This site is optimized with the Yoast SEO plugin v20.10 - https:\/\/yoast.com\/wordpress\/plugins\/seo\/ -->\n<title>Pol\u00edtica de Cookies - \u00c9pico Ag\u00eancia<\/title>\n<meta name=\"robots\" content=\"index, follow, max-snippet:-1, max-image-preview:large, max-video-preview:-1\" \/>\n<link rel=\"canonical\" href=\"https:\/\/epicoagencia.com.br\/index.php\/politica-de-cookies\/\" \/>\n<meta property=\"og:locale\" content=\"pt_BR\" \/>\n<meta property=\"og:type\" content=\"article\" \/>\n<meta property=\"og:title\" content=\"Pol\u00edtica de Cookies - \u00c9pico Ag\u00eancia\" \/>\n<meta property=\"og:description\" content=\"Pol\u00edtica de Cookies A Ag\u00eancia \u00c9pico respeita as suas preocupa\u00e7\u00f5es com privacidade e valoriza o relacionamento que tem com voc\u00ea, que acessa nossas plataformas e\/ou utiliza os nossos produtos e servi\u00e7os digitais. A Ag\u00eancia \u00c9pico possui o compromisso de prover, de forma r\u00e1pida e eficiente, produtos e servi\u00e7os personalizados para nossos clientes (\u201cUsu\u00e1rio ou Voc\u00ea\u201d)...\" \/>\n<meta property=\"og:url\" content=\"https:\/\/epicoagencia.com.br\/index.php\/politica-de-cookies\/\" \/>\n<meta property=\"og:site_name\" content=\"\u00c9pico Ag\u00eancia\" \/>\n<meta property=\"article:publisher\" content=\"https:\/\/www.facebook.com\/epicoagenciaoficial\" \/>\n<meta property=\"article:modified_time\" content=\"2023-05-18T02:56:04+00:00\" \/>\n<meta name=\"twitter:card\" content=\"summary_large_image\" \/>\n<meta name=\"twitter:label1\" content=\"Est. tempo de leitura\" \/>\n\t<meta name=\"twitter:data1\" content=\"5 minutos\" \/>\n<script type=\"application\/ld+json\" class=\"yoast-schema-graph\">{\"@context\":\"https:\/\/schema.org\",\"@graph\":[{\"@type\":\"WebPage\",\"@id\":\"https:\/\/epicoagencia.com.br\/index.php\/politica-de-cookies\/\",\"url\":\"https:\/\/epicoagencia.com.br\/index.php\/politica-de-cookies\/\",\"name\":\"Pol\u00edtica de Cookies - \u00c9pico Ag\u00eancia\",\"isPartOf\":{\"@id\":\"https:\/\/epicoagencia.com.br\/#website\"},\"datePublished\":\"2023-05-18T02:32:57+00:00\",\"dateModified\":\"2023-05-18T02:56:04+00:00\",\"breadcrumb\":{\"@id\":\"https:\/\/epicoagencia.com.br\/index.php\/politica-de-cookies\/#breadcrumb\"},\"inLanguage\":\"pt-BR\",\"potentialAction\":[{\"@type\":\"ReadAction\",\"target\":[\"https:\/\/epicoagencia.com.br\/index.php\/politica-de-cookies\/\"]}]},{\"@type\":\"BreadcrumbList\",\"@id\":\"https:\/\/epicoagencia.com.br\/index.php\/politica-de-cookies\/#breadcrumb\",\"itemListElement\":[{\"@type\":\"ListItem\",\"position\":1,\"name\":\"In\u00edcio\",\"item\":\"https:\/\/epicoagencia.com.br\/\"},{\"@type\":\"ListItem\",\"position\":2,\"name\":\"Pol\u00edtica de Cookies\"}]},{\"@type\":\"WebSite\",\"@id\":\"https:\/\/epicoagencia.com.br\/#website\",\"url\":\"https:\/\/epicoagencia.com.br\/\",\"name\":\"\u00c9pico Ag\u00eancia\",\"description\":\"Uma ag\u00eancia que entende de gente!\",\"publisher\":{\"@id\":\"https:\/\/epicoagencia.com.br\/#organization\"},\"potentialAction\":[{\"@type\":\"SearchAction\",\"target\":{\"@type\":\"EntryPoint\",\"urlTemplate\":\"https:\/\/epicoagencia.com.br\/?s={search_term_string}\"},\"query-input\":\"required name=search_term_string\"}],\"inLanguage\":\"pt-BR\"},{\"@type\":\"Organization\",\"@id\":\"https:\/\/epicoagencia.com.br\/#organization\",\"name\":\"\u00c9pico Ag\u00eancia\",\"url\":\"https:\/\/epicoagencia.com.br\/\",\"logo\":{\"@type\":\"ImageObject\",\"inLanguage\":\"pt-BR\",\"@id\":\"https:\/\/epicoagencia.com.br\/#\/schema\/logo\/image\/\",\"url\":\"https:\/\/epicoagencia.com.br\/wp-content\/uploads\/2023\/05\/Logotipo-Agencia-Epico-e1684367971845.png\",\"contentUrl\":\"https:\/\/epicoagencia.com.br\/wp-content\/uploads\/2023\/05\/Logotipo-Agencia-Epico-e1684367971845.png\",\"width\":766,\"height\":299,\"caption\":\"\u00c9pico Ag\u00eancia\"},\"image\":{\"@id\":\"https:\/\/epicoagencia.com.br\/#\/schema\/logo\/image\/\"},\"sameAs\":[\"https:\/\/www.facebook.com\/epicoagenciaoficial\",\"https:\/\/www.instagram.com\/epicoagenciaoficial\/\"]}]}<\/script>\n<!-- \/ Yoast SEO plugin. -->","yoast_head_json":{"title":"Pol\u00edtica de Cookies - \u00c9pico Ag\u00eancia","robots":{"index":"index","follow":"follow","max-snippet":"max-snippet:-1","max-image-preview":"max-image-preview:large","max-video-preview":"max-video-preview:-1"},"canonical":"https:\/\/epicoagencia.com.br\/index.php\/politica-de-cookies\/","og_locale":"pt_BR","og_type":"article","og_title":"Pol\u00edtica de Cookies - \u00c9pico Ag\u00eancia","og_description":"Pol\u00edtica de Cookies A Ag\u00eancia \u00c9pico respeita as suas preocupa\u00e7\u00f5es com privacidade e valoriza o relacionamento que tem com voc\u00ea, que acessa nossas plataformas e\/ou utiliza os nossos produtos e servi\u00e7os digitais. A Ag\u00eancia \u00c9pico possui o compromisso de prover, de forma r\u00e1pida e eficiente, produtos e servi\u00e7os personalizados para nossos clientes (\u201cUsu\u00e1rio ou Voc\u00ea\u201d)...","og_url":"https:\/\/epicoagencia.com.br\/index.php\/politica-de-cookies\/","og_site_name":"\u00c9pico Ag\u00eancia","article_publisher":"https:\/\/www.facebook.com\/epicoagenciaoficial","article_modified_time":"2023-05-18T02:56:04+00:00","twitter_card":"summary_large_image","twitter_misc":{"Est. tempo de leitura":"5 minutos"},"schema":{"@context":"https:\/\/schema.org","@graph":[{"@type":"WebPage","@id":"https:\/\/epicoagencia.com.br\/index.php\/politica-de-cookies\/","url":"https:\/\/epicoagencia.com.br\/index.php\/politica-de-cookies\/","name":"Pol\u00edtica de Cookies - \u00c9pico Ag\u00eancia","isPartOf":{"@id":"https:\/\/epicoagencia.com.br\/#website"},"datePublished":"2023-05-18T02:32:57+00:00","dateModified":"2023-05-18T02:56:04+00:00","breadcrumb":{"@id":"https:\/\/epicoagencia.com.br\/index.php\/politica-de-cookies\/#breadcrumb"},"inLanguage":"pt-BR","potentialAction":[{"@type":"ReadAction","target":["https:\/\/epicoagencia.com.br\/index.php\/politica-de-cookies\/"]}]},{"@type":"BreadcrumbList","@id":"https:\/\/epicoagencia.com.br\/index.php\/politica-de-cookies\/#breadcrumb","itemListElement":[{"@type":"ListItem","position":1,"name":"In\u00edcio","item":"https:\/\/epicoagencia.com.br\/"},{"@type":"ListItem","position":2,"name":"Pol\u00edtica de Cookies"}]},{"@type":"WebSite","@id":"https:\/\/epicoagencia.com.br\/#website","url":"https:\/\/epicoagencia.com.br\/","name":"\u00c9pico Ag\u00eancia","description":"Uma ag\u00eancia que entende de gente!","publisher":{"@id":"https:\/\/epicoagencia.com.br\/#organization"},"potentialAction":[{"@type":"SearchAction","target":{"@type":"EntryPoint","urlTemplate":"https:\/\/epicoagencia.com.br\/?s={search_term_string}"},"query-input":"required name=search_term_string"}],"inLanguage":"pt-BR"},{"@type":"Organization","@id":"https:\/\/epicoagencia.com.br\/#organization","name":"\u00c9pico Ag\u00eancia","url":"https:\/\/epicoagencia.com.br\/","logo":{"@type":"ImageObject","inLanguage":"pt-BR","@id":"https:\/\/epicoagencia.com.br\/#\/schema\/logo\/image\/","url":"https:\/\/epicoagencia.com.br\/wp-content\/uploads\/2023\/05\/Logotipo-Agencia-Epico-e1684367971845.png","contentUrl":"https:\/\/epicoagencia.com.br\/wp-content\/uploads\/2023\/05\/Logotipo-Agencia-Epico-e1684367971845.png","width":766,"height":299,"caption":"\u00c9pico Ag\u00eancia"},"image":{"@id":"https:\/\/epicoagencia.com.br\/#\/schema\/logo\/image\/"},"sameAs":["https:\/\/www.facebook.com\/epicoagenciaoficial","https:\/\/www.instagram.com\/epicoagenciaoficial\/"]}]}},"_links":{"self":[{"href":"https:\/\/epicoagencia.com.br\/index.php\/wp-json\/wp\/v2\/pages\/1297"}],"collection":[{"href":"https:\/\/epicoagencia.com.br\/index.php\/wp-json\/wp\/v2\/pages"}],"about":[{"href":"https:\/\/epicoagencia.com.br\/index.php\/wp-json\/wp\/v2\/types\/page"}],"author":[{"embeddable":true,"href":"https:\/\/epicoagencia.com.br\/index.php\/wp-json\/wp\/v2\/users\/1"}],"replies":[{"embeddable":true,"href":"https:\/\/epicoagencia.com.br\/index.php\/wp-json\/wp\/v2\/comments?post=1297"}],"version-history":[{"count":7,"href":"https:\/\/epicoagencia.com.br\/index.php\/wp-json\/wp\/v2\/pages\/1297\/revisions"}],"predecessor-version":[{"id":1305,"href":"https:\/\/epicoagencia.com.br\/index.php\/wp-json\/wp\/v2\/pages\/1297\/revisions\/1305"}],"wp:attachment":[{"href":"https:\/\/epicoagencia.com.br\/index.php\/wp-json\/wp\/v2\/media?parent=1297"}],"curies":[{"name":"wp","href":"https:\/\/api.w.org\/{rel}","templated":true}]}}